{"id":9897,"date":"2023-07-12T14:46:40","date_gmt":"2023-07-12T12:46:40","guid":{"rendered":"https:\/\/www.teol.se\/?page_id=9897"},"modified":"2025-01-09T16:50:19","modified_gmt":"2025-01-09T15:50:19","slug":"hans-sundberg","status":"publish","type":"page","link":"https:\/\/www.teol.se\/en\/about-sst\/administration-and-faculty\/hans-sundberg\/","title":{"rendered":"Hans Sundberg"},"content":{"rendered":"<p>[et_pb_section fb_built=&#8221;1&#8243; _builder_version=&#8221;4.27.4&#8243; _module_preset=&#8221;default&#8221; background_color=&#8221;#f4edea&#8221; custom_padding=&#8221;0px||0px||true|false&#8221; locked=&#8221;off&#8221; global_colors_info=&#8221;{}&#8221;][et_pb_row column_structure=&#8221;1_2,1_2&#8243; use_custom_gutter=&#8221;on&#8221; gutter_width=&#8221;2&#8243; make_equal=&#8221;on&#8221; custom_padding_last_edited=&#8221;on|desktop&#8221; _builder_version=&#8221;4.22.1&#8243; _module_preset=&#8221;default&#8221; width=&#8221;100%&#8221; max_width=&#8221;100%&#8221; custom_margin=&#8221;||||false|false&#8221; custom_padding=&#8221;0px||0px||false|false&#8221; custom_padding_tablet=&#8221;0px||0px||false|false&#8221; custom_padding_phone=&#8221;0px||30px||false|false&#8221; global_colors_info=&#8221;{}&#8221;][et_pb_column type=&#8221;1_2&#8243; _builder_version=&#8221;4.20.4&#8243; _module_preset=&#8221;default&#8221; global_colors_info=&#8221;{}&#8221;][et_pb_image src=&#8221;https:\/\/www.teol.se\/wp-content\/uploads\/2025\/01\/JAx241210x0099-1-1-scaled.jpg&#8221; title_text=&#8221;JAx241210x0099 (1)&#8221; show_bottom_space=&#8221;off&#8221; align_tablet=&#8221;center&#8221; align_phone=&#8221;center&#8221; align_last_edited=&#8221;on|phone&#8221; _builder_version=&#8221;4.27.4&#8243; _module_preset=&#8221;default&#8221; min_height=&#8221;65vh&#8221; min_height_tablet=&#8221;65vh&#8221; min_height_phone=&#8221;65vh&#8221; min_height_last_edited=&#8221;on|desktop&#8221; hover_enabled=&#8221;0&#8243; global_colors_info=&#8221;{}&#8221; sticky_enabled=&#8221;0&#8243;][\/et_pb_image][\/et_pb_column][et_pb_column type=&#8221;1_2&#8243; _builder_version=&#8221;4.21.0&#8243; _module_preset=&#8221;default&#8221; custom_padding=&#8221;200px||120px||false|false&#8221; custom_padding_tablet=&#8221;20px|80px|40px|80px|false|true&#8221; custom_padding_phone=&#8221;|40px|20px|40px|false|true&#8221; custom_padding_last_edited=&#8221;on|desktop&#8221; global_colors_info=&#8221;{}&#8221;][et_pb_text _builder_version=&#8221;4.21.0&#8243; _module_preset=&#8221;default&#8221; header_text_color=&#8221;#004b64&#8243; header_3_font=&#8221;Inter|700|||||||&#8221; header_3_font_size=&#8221;27px&#8221; global_colors_info=&#8221;{}&#8221;]<\/p>\n<h1>Doctor of Theology Hans Sundberg<\/h1>\n<p>[\/et_pb_text][et_pb_text _builder_version=&#8221;4.27.4&#8243; _module_preset=&#8221;default&#8221; text_font=&#8221;|700|||||||&#8221; hover_enabled=&#8221;0&#8243; global_colors_info=&#8221;{}&#8221; sticky_enabled=&#8221;0&#8243;]<\/p>\n<h3><strong>\u00bbMy Passion Is To See People Grow In The Calling Jesus Has Given Them.\u00ab<\/strong><\/h3>\n<p>[\/et_pb_text][\/et_pb_column][\/et_pb_row][\/et_pb_section][et_pb_section fb_built=&#8221;1&#8243; _builder_version=&#8221;4.21.0&#8243; _module_preset=&#8221;default&#8221; locked=&#8221;off&#8221; global_colors_info=&#8221;{}&#8221;][et_pb_row custom_padding_last_edited=&#8221;on|phone&#8221; _builder_version=&#8221;4.21.0&#8243; _module_preset=&#8221;default&#8221; custom_margin=&#8221;||||false|false&#8221; custom_padding=&#8221;0px|150px|0px|150px|false|true&#8221; custom_padding_tablet=&#8221;|0px||0px|false|true&#8221; custom_padding_phone=&#8221;|0px||0px|false|true&#8221; global_colors_info=&#8221;{}&#8221;][et_pb_column type=&#8221;4_4&#8243; _builder_version=&#8221;4.20.4&#8243; _module_preset=&#8221;default&#8221; global_colors_info=&#8221;{}&#8221;][et_pb_text _builder_version=&#8221;4.27.4&#8243; _module_preset=&#8221;default&#8221; header_3_font=&#8221;Inter|700|||||||&#8221; header_3_font_size=&#8221;16px&#8221; header_4_font=&#8221;Inter|700|||||||&#8221; hover_enabled=&#8221;0&#8243; global_colors_info=&#8221;{}&#8221; sticky_enabled=&#8221;0&#8243;]<\/p>\n<p><strong>Hans Sundberg <\/strong>became a Christian during his confirmation studies in Munkfors at the age of 14. His calling to preach the gospel of Jesus developed early, and by the age of 16, he gave his first sermon. The three years spent at Fjellstedtska School in Uppsala was a defining moment in his life&#8217;s work. There was still a classical education ideal with Latin, Greek, and Hebrew alongside a theological foundation in the weekly schedule. Additionally, the school became a place of revival where the Holy Spirit made His presence known through baptisms in the Spirit and conversions among many students. Hans was one of those who experienced a radical encounter with the Spirit. At this time, the Jesus movement in Uppsala began to meet outside of church life in Mikaelskyrkan under the leadership of Pastor Figge Sidwall and in the Pentecostal church in Uppsala. The Jesus movement was invited to participate in various Christian contexts, which sparked a view of the Church as the body of Christ, regardless of denominational boundaries.<\/p>\n<p>Hans has served Baptist churches in Kopparberg and Stor\u00e5, Elim Church \u00d6stermalm, Trollh\u00e4ttan, and the Church at Brommaplan. In the early 1990s, Hans and his wife Lotta started Stockholm Vineyard. In 1998, they were appointed as National Directors of Vineyard Nordic. In 2009, they founded the Mosaic church.<\/p>\n<p>Hans&#8217; doctoral thesis, <em>&#8220;Sven Lidman om Gud och M\u00e4nniska, 1987: A Content Analysis Study,&#8221;<\/em> within the field of Religious and Life-Philosophy\/ Systematic Theology, focuses on Lidman\u2019s extensive authorship, particularly addressing questions about how he describes his view of God and his view of humanity. Lidman knew that God revealed Himself in Jesus for salvation. His view of humanity is deeply pessimistic, clearly influenced by Augustine&#8217;s perspective. Lidman himself translated Augustine&#8217;s <em>Confessions<\/em> into Swedish, with a brilliant introduction by him, which undoubtedly influenced his view. The dramatic development of Lidman&#8217;s life is also noted. On March 17, 1917, he met God, and everything changed.<\/p>\n<p>Some of Hans&#8217;s focus areas include mission, evangelism, and church planting. He has taught in Nepal, India, Siberia, Russia, Ukraine, and the Nordic countries. As National Director of Vineyard Nordic, he served as a pastor to pastors. New churches need a passionate interest in biblical theology and faithfulness to the rule, &#8220;We believe what all have always believed.&#8221; Hans has sought to lay the foundation for Bible faith and an expectation of the work of the Holy Spirit wherever he has served.<\/p>\n<p>Hans lives in Uppsala with his wife, Lotta. They have two children, Sofia and Martin, who live in Uppsala and Nyv\u00e5ng (outside Helsingborg), respectively, with their families. They have five grandchildren: Lilja and Eva-Frid in Uppsala, Josua, Levi, and Ruth-Miranda in Nyv\u00e5ng.<\/p>\n<p>Hans has taught at:<\/p>\n<ul>\n<li>Betelseminariet 1977-1993 in various biblical subjects, religious history, philosophy of religion, and later, specifically as the responsible teacher for systematic theology (dogmatics).<\/li>\n<li>Levande Stenar 1991-1998, a three-month discipleship school at Stockholm Vineyard (responsible pastor).<\/li>\n<li>Vineyard Theological School 1996-2003, a two-year theology program (responsible pastor).<\/li>\n<li>Scandinavian School of Theology\u00a0 (SST) 2016\u2013, systematic theology.<\/li>\n<li>Pastoralleadershiptraining.org (PLT), founded and led by Hans in 2012, provides a foundational Bible school for new Christian pastors and elders who have planted churches in Nepal, India, Bhutan, and Bangladesh.<\/li>\n<\/ul>\n<p><strong>Studies:<\/strong><\/p>\n<ul>\n<li>Betelseminariet 1975-77 \u2013 Hans was ordained as a pastor in the Swedish Baptist Union.<\/li>\n<li>Theological Faculty, Uppsala University, Bachelor of Theology 1978.<\/li>\n<li>Theological Faculty, Uppsala University, Doctor of Theology 1987.<\/li>\n<li>Stockholm University, Nordic Languages 2002.<\/li>\n<li>Johannelund Theological Seminary, Buddhism, Hinduism, Islam, Religious Encounters 2016.<\/li>\n<\/ul>\n<p><strong>Articles:<\/strong><\/p>\n<ul>\n<li><em>Vineyard in Sweden<\/em> \u2013 article series in <em>V\u00e4rlden Idag<\/em> 2020<\/li>\n<li><em>\u201cCome Holy Spirit \u2013 On Christian Ethics\u201d<\/em> published in <em>1 &amp; 2 Thessalonians<\/em>, a commentary by H\u00e5kan Sunnliden, 2021<\/li>\n<li><em>\u201cThe Teachings of Knutby \u2013 A Study of the Preaching from 2001-2006,\u201d<\/em> pages 115-158, co-authored with Pontus Tunhav, published in <em>Enthusiastic Christianity &amp; Fanaticism in Knutby \u2013 Reflections and Lessons from a Research Project<\/em>, 2021<\/li>\n<li><em>\u201cThe Belief that the Entire Bible is the Word of God: Examples from the Early Baptists and Anders Wiberg, Lewi Pethrus, and Sven Lidman\u201d<\/em> pages 94-134, published in <em>Bible Faith: Nine Theologians on Biblical Views and Bible Use<\/em> \u2013 Editors Anders Gerdmar, Torbj\u00f6rn Aronson, and Pavel Hoffman, 2022.<\/li>\n<li><em>\u201cDoulos \u2013 Slave, Servant, or Bondservant \u2013 Regarding Two Bible Verses in Philippians and the Slave Onesimus in the Letter to Philemon\u201d<\/em> pages 127-144, published in <em>Philippians and the Letter to Philemon, a Commentary<\/em> by H\u00e5kan Sunnliden, 2022.<\/li>\n<\/ul>\n<p>[\/et_pb_text][et_pb_text _builder_version=&#8221;4.27.4&#8243; _module_preset=&#8221;default&#8221; header_3_font=&#8221;Inter|700|||||||&#8221; header_3_font_size=&#8221;16px&#8221; header_4_font=&#8221;Inter|700|||||||&#8221; locked=&#8221;off&#8221; global_colors_info=&#8221;{}&#8221;]<\/p>\n<h4><strong>Doctor of Theology Hans Sundberg<\/strong><\/h4>\n<p><strong>Part-time Teacher in:<\/strong> Systematic Theology<\/p>\n<h4><strong>Degrees and Qualifications:<\/strong><\/h4>\n<ul>\n<li>Doctor of Theology in Systematic Theology, Uppsala University<\/li>\n<li>Bachelor of Theology, Uppsala University<\/li>\n<\/ul>\n<h4><strong>Publications:<\/strong><\/h4>\n<ul>\n<li><em>Vineyard i Sverige<\/em> \u2013 article series 2020 in <em>V\u00e4rlden Idag<\/em><\/li>\n<li><em>&#8220;Kom Helig Ande \u2013 om kristen etik&#8221;<\/em> (Come Holy Spirit \u2013 On Christian Ethics), published in <em>1 &amp; 2 Thessalonians<\/em>, a commentary by H\u00e5kan Sunnliden, 2021<\/li>\n<li><em>&#8220;L\u00e4rorna i Knutby \u2013 en studie av f\u00f6rkunnelsen \u00e5ren 2001-2006&#8221;<\/em> (The Teachings of Knutby \u2013 A Study of the Preaching from 2001-2006), pages 115-158, co-authored with Pontus Tunhav. Published in <em>Enthusiastic Christianity &amp; Fanaticism in Knutby \u2013 Reflections and Lessons from a Research Project<\/em>, 2021<\/li>\n<li><em>Bibeltro. Nio teologer om bibelsyn och bibelbruk<\/em> (Bible Faith. Nine Theologians on Biblical Views and Bible Use) [Anthology]. STH Academic, 2022<\/li>\n<li><em>&#8220;Doulos \u2013 slav, tj\u00e4nare eller tr\u00e4l \u2013 Med anledning av tv\u00e5 bibelord i Filipperbrevet samt Filemons slav Onesimus&#8221;<\/em> (Doulos \u2013 Slave, Servant, or Bondservant \u2013 Regarding Two Bible Verses in Philippians and the Slave Onesimus in the Letter to Philemon), pages 127-144. Published in <em>Philippians and the Letter to Philemon, a Commentary<\/em> by H\u00e5kan Sunnliden, 2022<\/li>\n<\/ul>\n<p><strong>Contact:<\/strong><br \/><a href=\"mailto:hans.sundberg@teol.se\">hans.sundberg@teol.se<\/a><\/p>\n<p>[\/et_pb_text][\/et_pb_column][\/et_pb_row][et_pb_row disabled_on=&#8221;on|on|on&#8221; module_class=&#8221;rad-undermenyer-knappar&#8221; _builder_version=&#8221;4.21.0&#8243; _module_preset=&#8221;default&#8221; width=&#8221;90%&#8221; max_width=&#8221;2000px&#8221; module_alignment=&#8221;center&#8221; custom_padding=&#8221;20px||0px||false|false&#8221; disabled=&#8221;on&#8221; global_colors_info=&#8221;{}&#8221;][et_pb_column type=&#8221;4_4&#8243; _builder_version=&#8221;4.21.0&#8243; _module_preset=&#8221;default&#8221; global_colors_info=&#8221;{}&#8221;][et_pb_button button_url=&#8221;https:\/\/www.teol.se\/om-sth\/larare-och-personal\/hans-sundberg\/examina-och-publikationer-hans-sundberg\/&#8221; button_text=&#8221;Examina och publikationer&#8221; button_alignment=&#8221;center&#8221; module_class=&#8221;knapp-stil-1&#8243; _builder_version=&#8221;4.21.0&#8243; _module_preset=&#8221;default&#8221; custom_button=&#8221;on&#8221; button_border_color=&#8221;#004b64&#8243; button_icon=&#8221;&#x24;||divi||400&#8243; button_on_hover=&#8221;off&#8221; custom_margin=&#8221;||20px||false|false&#8221; global_colors_info=&#8221;{}&#8221;][\/et_pb_button][\/et_pb_column][\/et_pb_row][\/et_pb_section]<\/p>\n","protected":false},"excerpt":{"rendered":"<p>Doctor of Theology Hans Sundberg\u00bbMy Passion Is To See People Grow In The Calling Jesus Has Given Them.\u00abHans Sundberg became a Christian during his confirmation studies in Munkfors at the [&hellip;]<\/p>\n","protected":false},"author":1,"featured_media":0,"parent":9846,"menu_order":0,"comment_status":"closed","ping_status":"closed","template":"","meta":{"_acf_changed":false,"_et_pb_use_builder":"on","_et_pb_old_content":"","_et_gb_content_width":"","footnotes":""},"class_list":["post-9897","page","type-page","status-publish","hentry"],"acf":[],"_links":{"self":[{"href":"https:\/\/www.teol.se\/en\/wp-json\/wp\/v2\/pages\/9897","targetHints":{"allow":["GET"]}}],"collection":[{"href":"https:\/\/www.teol.se\/en\/wp-json\/wp\/v2\/pages"}],"about":[{"href":"https:\/\/www.teol.se\/en\/wp-json\/wp\/v2\/types\/page"}],"author":[{"embeddable":true,"href":"https:\/\/www.teol.se\/en\/wp-json\/wp\/v2\/users\/1"}],"replies":[{"embeddable":true,"href":"https:\/\/www.teol.se\/en\/wp-json\/wp\/v2\/comments?post=9897"}],"version-history":[{"count":5,"href":"https:\/\/www.teol.se\/en\/wp-json\/wp\/v2\/pages\/9897\/revisions"}],"predecessor-version":[{"id":10105,"href":"https:\/\/www.teol.se\/en\/wp-json\/wp\/v2\/pages\/9897\/revisions\/10105"}],"up":[{"embeddable":true,"href":"https:\/\/www.teol.se\/en\/wp-json\/wp\/v2\/pages\/9846"}],"wp:attachment":[{"href":"https:\/\/www.teol.se\/en\/wp-json\/wp\/v2\/media?parent=9897"}],"curies":[{"name":"wp","href":"https:\/\/api.w.org\/{rel}","templated":true}]}}