{"id":13569,"date":"2026-04-14T17:56:26","date_gmt":"2026-04-14T15:56:26","guid":{"rendered":"https:\/\/www.teol.se\/?page_id=13569"},"modified":"2026-04-15T09:10:09","modified_gmt":"2026-04-15T07:10:09","slug":"adult-education-10","status":"publish","type":"page","link":"https:\/\/www.teol.se\/en\/adult-education-10\/","title":{"rendered":"Adult Education"},"content":{"rendered":"<p>[et_pb_section fb_built=&#8221;1&#8243; module_class=&#8221;top-slider-info&#8221; _builder_version=&#8221;4.27.4&#8243; _module_preset=&#8221;default&#8221; custom_padding=&#8221;0px||0px|||&#8221; da_disable_devices=&#8221;off|off|off&#8221; locked=&#8221;off&#8221; global_colors_info=&#8221;{}&#8221; da_is_popup=&#8221;off&#8221; da_exit_intent=&#8221;off&#8221; da_has_close=&#8221;on&#8221; da_alt_close=&#8221;off&#8221; da_dark_close=&#8221;off&#8221; da_not_modal=&#8221;on&#8221; da_is_singular=&#8221;off&#8221; da_with_loader=&#8221;off&#8221; da_has_shadow=&#8221;on&#8221;][et_pb_row _builder_version=&#8221;4.27.4&#8243; _module_preset=&#8221;default&#8221; width=&#8221;100%&#8221; max_width=&#8221;100%&#8221; custom_padding=&#8221;0px||0px|||&#8221; global_colors_info=&#8221;{}&#8221;][et_pb_column type=&#8221;4_4&#8243; _builder_version=&#8221;4.27.4&#8243; _module_preset=&#8221;default&#8221; global_colors_info=&#8221;{}&#8221;][et_pb_slider _builder_version=&#8221;4.27.6&#8243; _module_preset=&#8221;default&#8221; background_enable_color=&#8221;off&#8221; use_background_color_gradient=&#8221;on&#8221; background_color_gradient_stops=&#8221;rgba(0,0,0,0.61) 0%|rgba(0,0,0,0.28) 100%&#8221; background_color_gradient_overlays_image=&#8221;on&#8221; background_enable_image=&#8221;off&#8221; background_enable_video_mp4=&#8221;off&#8221; min_height=&#8221;1044px&#8221; auto=&#8221;on&#8221; auto_speed=&#8221;4000&#8243; custom_css_free_form=&#8221;selector .et_pb_slide_content {|| max-width: 800px;|| margin: auto;||||}&#8221; global_colors_info=&#8221;{}&#8221;][et_pb_slide button_text=&#8221;Till anm\u00e4lan&#8221; button_link=&#8221;https:\/\/www.teol.se\/en\/adult-education-5\/&#8221; _builder_version=&#8221;4.27.6&#8243; _module_preset=&#8221;default&#8221; header_level=&#8221;h4&#8243; header_font=&#8221;|600|||||||&#8221; header_text_color=&#8221;#FFFFFF&#8221; header_font_size=&#8221;20px&#8221; background_enable_color=&#8221;off&#8221; background_image=&#8221;https:\/\/www.teol.se\/wp-content\/uploads\/2026\/04\/Kreativitet-scaled.jpg&#8221; background_enable_image=&#8221;on&#8221; background_blend=&#8221;darken&#8221; background_enable_video_mp4=&#8221;off&#8221; background_enable_video_webm=&#8221;off&#8221; custom_button=&#8221;on&#8221; button_text_color=&#8221;#FFFFFF&#8221; button_bg_color=&#8221;#d85045&#8243; button_border_width=&#8221;3px&#8221; button_border_color=&#8221;#d85045&#8243; button_use_icon=&#8221;on&#8221; button_icon=&#8221;&#xf105;||fa||900&#8243; button_on_hover=&#8221;off&#8221; global_colors_info=&#8221;{}&#8221; sticky_transition=&#8221;on&#8221;]<\/p>\n<h3><strong>Studiedag:<\/strong><\/h3>\n<h1>Kreativitet<\/h1>\n<p>&nbsp;<\/p>\n<p><strong>Anitha Risberg, medicine doktor<\/strong><\/p>\n<p>[\/et_pb_slide][\/et_pb_slider][\/et_pb_column][\/et_pb_row][\/et_pb_section][et_pb_section fb_built=&#8221;1&#8243; _builder_version=&#8221;4.27.4&#8243; _module_preset=&#8221;default&#8221; da_disable_devices=&#8221;off|off|off&#8221; locked=&#8221;off&#8221; global_colors_info=&#8221;{}&#8221; da_is_popup=&#8221;off&#8221; da_exit_intent=&#8221;off&#8221; da_has_close=&#8221;on&#8221; da_alt_close=&#8221;off&#8221; da_dark_close=&#8221;off&#8221; da_not_modal=&#8221;on&#8221; da_is_singular=&#8221;off&#8221; da_with_loader=&#8221;off&#8221; da_has_shadow=&#8221;on&#8221;][et_pb_row custom_padding_last_edited=&#8221;on|phone&#8221; _builder_version=&#8221;4.27.4&#8243; _module_preset=&#8221;default&#8221; custom_margin=&#8221;||||false|false&#8221; custom_padding=&#8221;0px|150px|0px|150px|false|true&#8221; custom_padding_tablet=&#8221;|0px||0px|false|true&#8221; custom_padding_phone=&#8221;|0px||0px|false|true&#8221; global_colors_info=&#8221;{}&#8221;][et_pb_column type=&#8221;4_4&#8243; _builder_version=&#8221;4.27.4&#8243; _module_preset=&#8221;default&#8221; global_colors_info=&#8221;{}&#8221;][et_pb_text _builder_version=&#8221;4.27.6&#8243; _module_preset=&#8221;default&#8221; header_3_font=&#8221;Inter|700|||||||&#8221; header_3_font_size=&#8221;16px&#8221; header_4_font=&#8221;Inter|700|||||||&#8221; global_colors_info=&#8221;{}&#8221;]<\/p>\n<div class=\"row \">\n<div id=\"wpv-column-7527fabcdecb12cec0d3774be8392a12\" class=\"wpv-grid grid-1-1 wpv-first-level first unextended\">\n<h3><strong>Studiedag Kreativitet <\/strong><\/h3>\n<p>Vi \u00e4r skapade till kreativitet. Gud skapade \u2013 och vi \u00e4r skapade till hans avbild. D\u00e4rf\u00f6r b\u00e4r vi ocks\u00e5 p\u00e5 en inneboende f\u00f6rm\u00e5ga och ett behov av att skapa. Men vad h\u00e4nder egentligen i oss n\u00e4r vi uttrycker kreativitet genom musik, skrivande, hantverk eller andra skapande aktiviteter? Och vilken betydelse har detta f\u00f6r v\u00e5r h\u00e4lsa och v\u00e5rt m\u00e5ende?<\/p>\n<p>Den h\u00e4r studiedagen ger en f\u00f6rdjupad f\u00f6rst\u00e5else f\u00f6r hur hj\u00e4rnan fungerar i skapande processer och hur utvecklingen av synapser p\u00e5verkas av kreativt arbete. Studiedagen v\u00e4nder sig till dig som vill f\u00f6rst\u00e5 mer om kreativitetens betydelse f\u00f6r m\u00e4nniskan \u2013 som ande, sj\u00e4l och kropp \u2013 och hur skapande kan bidra till v\u00e4lm\u00e5ende och utveckling i b\u00e5de privatliv och yrkesliv.<\/p>\n<p><strong>Uppl\u00e4gg \u2013 f\u00f6rel\u00e4sning eller halvdag<\/strong><br \/>\nStudiedagen kan genomf\u00f6ras som en enstaka f\u00f6rel\u00e4sning eller halvdag (ca 2,5 timmar). Under dagen varvas f\u00f6rel\u00e4sningar med dialog, samtal och reflektion b\u00e5de i grupp och individuellt.<\/p>\n<p>Deltagarna f\u00e5r en \u00f6kad f\u00f6rst\u00e5else f\u00f6r hur hj\u00e4rnan fungerar i kreativa processer och hur synapser utvecklas i samband med skapande. Studiedagen lyfter fr\u00e5gor som: utvecklas hj\u00e4rnan enbart genom fysisk aktivitet \u2013 eller sker det ocks\u00e5 n\u00e4r vi skapar? Vidare belyses kreativitetens betydelse f\u00f6r identitet, mening och psykiskt v\u00e4lbefinnande.<\/p>\n<p>M\u00e5let med studiedagen \u00e4r att ge deltagarna kunskap och insikt i hur kreativitet kan fr\u00e4mja l\u00e4rande, h\u00e4lsa och personlig utveckling.<\/p>\n<\/div>\n<\/div>\n<p>[\/et_pb_text][\/et_pb_column][\/et_pb_row][et_pb_row custom_padding_last_edited=&#8221;on|phone&#8221; _builder_version=&#8221;4.27.4&#8243; _module_preset=&#8221;default&#8221; custom_margin=&#8221;||||false|false&#8221; custom_padding=&#8221;16px|150px|0px|150px|false|true&#8221; custom_padding_tablet=&#8221;|0px||0px|false|true&#8221; custom_padding_phone=&#8221;|0px||0px|false|true&#8221; global_colors_info=&#8221;{}&#8221;][et_pb_column type=&#8221;4_4&#8243; _builder_version=&#8221;4.27.4&#8243; _module_preset=&#8221;default&#8221; global_colors_info=&#8221;{}&#8221;][et_pb_text _builder_version=&#8221;4.27.6&#8243; _module_preset=&#8221;default&#8221; header_3_font=&#8221;Inter|700|||||||&#8221; header_3_font_size=&#8221;16px&#8221; header_4_font=&#8221;Inter|700|||||||&#8221; border_radii=&#8221;off||||&#8221; global_colors_info=&#8221;{}&#8221;]<\/p>\n<div class=\"row \">\n<div id=\"wpv-column-7527fabcdecb12cec0d3774be8392a12\" class=\"wpv-grid grid-1-1 wpv-first-level first unextended\">\n<p><strong>Detta f\u00e5r ni med er fr\u00e5n studiedagen:<\/strong><br \/>\u2022 kunskap om hur hj\u00e4rnan fungerar vid kreativa processer<br \/>\u2022 f\u00f6rst\u00e5else f\u00f6r hur synapser utvecklas i samband med skapande<br \/>\u2022 insikt i sambandet mellan kreativitet och psykiskt v\u00e4lm\u00e5ende<br \/>\u2022 reflektion kring m\u00e4nniskan som en skapande varelse utifr\u00e5n ett kristet perspektiv<br \/>\u2022 konkreta id\u00e9er f\u00f6r hur kreativitet kan integreras i vardag, undervisning och arbete<\/p>\n<p><img loading=\"lazy\" decoding=\"async\" class=\"wp-image-8572 alignnone size-medium\" src=\"https:\/\/www.teol.se\/wp-content\/uploads\/2024\/11\/Anitha-Risberg-300x250.jpg\" alt=\"\" width=\"300\" height=\"250\" \/><\/p>\n<p><strong>Anitha Risberg<\/strong> \u00e4r universitetslektor och medicine doktor i fysiologi. Hon disputerade vid Uppsala universitet och undervisar och forskar idag vid Lule\u00e5 tekniska universitet. Hon har l\u00e5ng erfarenhet av undervisning inom fysiologi, har skrivit flera b\u00f6cker och bokkapitel inom fysiologi och pedagogik och \u00e4r \u00e4ven ansvarig f\u00f6r den pedagogiska fakulteten vid STH samt ledamot i styrelsen f\u00f6r Skandinavisk teologisk h\u00f6gskola och dess stiftelse.<\/p>\n<p>Anitha har dessutom ett starkt engagemang f\u00f6r kreativitet och skapande, b\u00e5de genom eget konstn\u00e4rligt skapande \u2013 bland annat kurbitsm\u00e5lning \u2013 och genom sitt intresse f\u00f6r hur kreativitet kan stimuleras hos barn och vuxna. Hon leder ocks\u00e5 f\u00f6ljeforskning i ett kreativt projekt i Norrbotten.<\/p>\n<\/div>\n<\/div>\n<p>[\/et_pb_text][\/et_pb_column][\/et_pb_row][et_pb_row make_equal=&#8221;on&#8221; _builder_version=&#8221;4.20.4&#8243; _module_preset=&#8221;default&#8221; global_colors_info=&#8221;{}&#8221;][et_pb_column type=&#8221;4_4&#8243; _builder_version=&#8221;4.20.4&#8243; _module_preset=&#8221;default&#8221; background_color=&#8221;#004b64&#8243; global_colors_info=&#8221;{}&#8221;][et_pb_text _builder_version=&#8221;4.27.6&#8243; _module_preset=&#8221;default&#8221; text_font=&#8221;|700|||||||&#8221; text_text_color=&#8221;#FFFFFF&#8221; header_2_font=&#8221;Inter|700|||||||&#8221; header_2_text_color=&#8221;#FFFFFF&#8221; background_enable_color=&#8221;off&#8221; custom_padding=&#8221;30px|30px|30px|30px|true|true&#8221; global_colors_info=&#8221;{}&#8221;]<strong>F\u00d6REL\u00c4SNINGAR<\/strong><\/p>\n<p>Vi erbjuder \u00e4ven enstaka f\u00f6rel\u00e4sningar eller en serie av f\u00f6rel\u00e4sningar inom samma \u00e4mnesomr\u00e5de. Dessa kan med f\u00f6rdel ges exempelvis vid APT, kompetensutvecklingsdagar eller andra sammanhang p\u00e5 skolor och f\u00f6rskolor. F\u00f6rel\u00e4sningarna anpassas efter verksamhetens behov och kan fungera b\u00e5de som inspiration, fortbildning och ett konkret st\u00f6d i det pedagogiska arbetet.<br \/>\n[\/et_pb_text][\/et_pb_column][\/et_pb_row][\/et_pb_section][et_pb_section fb_built=&#8221;1&#8243; module_class=&#8221;undersidor-lankboxar&#8221; _builder_version=&#8221;4.21.0&#8243; _module_preset=&#8221;default&#8221; da_disable_devices=&#8221;off|off|off&#8221; global_colors_info=&#8221;{}&#8221; da_is_popup=&#8221;off&#8221; da_exit_intent=&#8221;off&#8221; da_has_close=&#8221;on&#8221; da_alt_close=&#8221;off&#8221; da_dark_close=&#8221;off&#8221; da_not_modal=&#8221;on&#8221; da_is_singular=&#8221;off&#8221; da_with_loader=&#8221;off&#8221; da_has_shadow=&#8221;on&#8221;][\/et_pb_section][et_pb_section fb_built=&#8221;1&#8243; disabled_on=&#8221;on|on|on&#8221; module_class=&#8221;aktuell-media-sektion&#8221; _builder_version=&#8221;4.21.0&#8243; _module_preset=&#8221;default&#8221; use_background_color_gradient=&#8221;on&#8221; background_color_gradient_stops=&#8221;#e6e6e6 65%|#ffffff 65%&#8221; da_disable_devices=&#8221;off|off|off&#8221; disabled=&#8221;on&#8221; locked=&#8221;off&#8221; collapsed=&#8221;off&#8221; global_colors_info=&#8221;{}&#8221; da_is_popup=&#8221;off&#8221; da_exit_intent=&#8221;off&#8221; da_has_close=&#8221;on&#8221; da_alt_close=&#8221;off&#8221; da_dark_close=&#8221;off&#8221; da_not_modal=&#8221;on&#8221; da_is_singular=&#8221;off&#8221; da_with_loader=&#8221;off&#8221; da_has_shadow=&#8221;on&#8221;][et_pb_row _builder_version=&#8221;4.21.0&#8243; _module_preset=&#8221;default&#8221; global_colors_info=&#8221;{}&#8221;][et_pb_column type=&#8221;4_4&#8243; _builder_version=&#8221;4.21.0&#8243; _module_preset=&#8221;default&#8221; global_colors_info=&#8221;{}&#8221;][et_pb_text _builder_version=&#8221;4.27.4&#8243; _module_preset=&#8221;default&#8221; header_text_color=&#8221;#004b64&#8243; header_2_text_color=&#8221;#004b64&#8243; header_2_font_size=&#8221;30px&#8221; text_orientation=&#8221;center&#8221; link_option_url=&#8221;https:\/\/youtu.be\/ZQcsYO_gkPw&#8221; global_colors_info=&#8221;{}&#8221;]<\/p>\n<h2>Programf\u00f6rklaring f\u00f6r Pedagogiska fakulteten<\/h2>\n<p>[\/et_pb_text][\/et_pb_column][\/et_pb_row][et_pb_row column_structure=&#8221;1_2,1_2&#8243; use_custom_gutter=&#8221;on&#8221; gutter_width=&#8221;1&#8243; make_equal=&#8221;on&#8221; _builder_version=&#8221;4.21.0&#8243; _module_preset=&#8221;default&#8221; global_colors_info=&#8221;{}&#8221;][et_pb_column type=&#8221;1_2&#8243; _builder_version=&#8221;4.21.0&#8243; _module_preset=&#8221;default&#8221; box_shadow_style=&#8221;preset1&#8243; box_shadow_horizontal=&#8221;-25px&#8221; box_shadow_vertical=&#8221;-25px&#8221; box_shadow_blur=&#8221;20px&#8221; box_shadow_color=&#8221;rgba(0,0,0,0.22)&#8221; global_colors_info=&#8221;{}&#8221;][et_pb_video src=&#8221;https:\/\/youtu.be\/ZQcsYO_gkPw&#8221; image_src=&#8221;\/\/i.ytimg.com\/vi\/ZQcsYO_gkPw\/hqdefault.jpg&#8221; _builder_version=&#8221;4.27.3&#8243; _module_preset=&#8221;default&#8221; locked=&#8221;off&#8221; global_colors_info=&#8221;{}&#8221;][\/et_pb_video][\/et_pb_column][et_pb_column type=&#8221;1_2&#8243; _builder_version=&#8221;4.21.0&#8243; _module_preset=&#8221;default&#8221; background_color=&#8221;#FFFFFF&#8221; custom_padding=&#8221;30px|25px|30px|25px|true|true&#8221; global_colors_info=&#8221;{}&#8221;][et_pb_text _builder_version=&#8221;4.27.4&#8243; _module_preset=&#8221;default&#8221; global_colors_info=&#8221;{}&#8221;]<\/p>\n<h3>&#8220;Livet \u00e4r l\u00e4rande och l\u00e4rande \u00e4r livet&#8221;<\/h3>\n<p>Medicine doktor i fysiologi Anitha Risberg, studierektor f\u00f6r Pedagogiska fakulteten<br \/>\n[\/et_pb_text][et_pb_button button_url=&#8221;https:\/\/www.youtube.com\/channel\/UC_mnHopUhkB1NOn0KwfXgsQ&#8221; button_text=&#8221;Youtube&#8221; button_alignment=&#8221;center&#8221; _builder_version=&#8221;4.27.0&#8243; _module_preset=&#8221;default&#8221; custom_button=&#8221;on&#8221; button_text_color=&#8221;#FFFFFF&#8221; button_bg_color=&#8221;#da5954&#8243; button_border_color=&#8221;#da5954&#8243; background_layout=&#8221;dark&#8221; global_colors_info=&#8221;{}&#8221;][\/et_pb_button][\/et_pb_column][\/et_pb_row][\/et_pb_section][et_pb_section fb_built=&#8221;1&#8243; module_class=&#8221;top-slider-info&#8221; _builder_version=&#8221;4.27.4&#8243; _module_preset=&#8221;default&#8221; custom_padding=&#8221;0px||0px|||&#8221; da_disable_devices=&#8221;off|off|off&#8221; locked=&#8221;off&#8221; global_colors_info=&#8221;{}&#8221; da_is_popup=&#8221;off&#8221; da_exit_intent=&#8221;off&#8221; da_has_close=&#8221;on&#8221; da_alt_close=&#8221;off&#8221; da_dark_close=&#8221;off&#8221; da_not_modal=&#8221;on&#8221; da_is_singular=&#8221;off&#8221; da_with_loader=&#8221;off&#8221; da_has_shadow=&#8221;on&#8221;][et_pb_row disabled_on=&#8221;on|on|on&#8221; _builder_version=&#8221;4.21.0&#8243; _module_preset=&#8221;default&#8221; width=&#8221;100%&#8221; max_width=&#8221;100%&#8221; custom_padding=&#8221;0px||0px|||&#8221; disabled=&#8221;on&#8221; global_colors_info=&#8221;{}&#8221;][et_pb_column type=&#8221;4_4&#8243; _builder_version=&#8221;4.21.0&#8243; _module_preset=&#8221;default&#8221; global_colors_info=&#8221;{}&#8221;][et_pb_slider _builder_version=&#8221;4.27.4&#8243; _module_preset=&#8221;default&#8221; header_font=&#8221;Raleway|900|||||||&#8221; header_text_color=&#8221;#000000&#8243; background_enable_color=&#8221;off&#8221; use_background_color_gradient=&#8221;on&#8221; background_color_gradient_stops=&#8221;rgba(0,0,0,0.61) 0%|rgba(0,0,0,0.28) 100%&#8221; background_color_gradient_overlays_image=&#8221;on&#8221; min_height=&#8221;1084px&#8221; custom_padding=&#8221;||105px|||&#8221; custom_css_free_form=&#8221;selector .et_pb_slide_content {|| max-width: 1200px;|| margin: auto;||}||||selector h2 {|| font-size: 55px;||}&#8221; global_colors_info=&#8221;{}&#8221;][et_pb_slide heading=&#8221;Popul\u00e4ra kurser&#8221; button_text=&#8221;Mer info&#8221; button_link=&#8221;https:\/\/www.teol.se\/kursplan\/introduktion-till-nya-testamentet\/&#8221; _builder_version=&#8221;4.27.4&#8243; _module_preset=&#8221;default&#8221; header_level=&#8221;h1&#8243; header_font=&#8221;Raleway|900|||||||&#8221; header_text_color=&#8221;#FFFFFF&#8221; header_font_size=&#8221;22px&#8221; background_enable_color=&#8221;off&#8221; background_image=&#8221;https:\/\/www.teol.se\/wp-content\/uploads\/2025\/02\/VGcertbeskuren.jpg&#8221; background_enable_image=&#8221;on&#8221; background_position=&#8221;top_center&#8221; custom_button=&#8221;on&#8221; button_text_color=&#8221;#f7c787&#8243; button_bg_color=&#8221;RGBA(255,255,255,0)&#8221; button_border_width=&#8221;3px&#8221; button_border_color=&#8221;#f7c787&#8243; button_use_icon=&#8221;on&#8221; button_icon=&#8221;&#xf105;||fa||900&#8243; button_on_hover=&#8221;off&#8221; global_colors_info=&#8221;{}&#8221; sticky_transition=&#8221;on&#8221;]<\/p>\n<h2>V\u00e4rdegrundscertifiering &#8211; grundstenar f\u00f6r livet<\/h2>\n<p>ger verktyg f\u00f6r l\u00e4rare och annan skolpersonal att arbeta med, och h\u00e5lla v\u00e4rdegrunden levande<br \/>\n[\/et_pb_slide][et_pb_slide heading=&#8221;Popul\u00e4ra kurser&#8221; button_text=&#8221;Mer info&#8221; button_link=&#8221;https:\/\/www.teol.se\/kursplan\/vardegrund-och-idehistoria\/&#8221; _builder_version=&#8221;4.27.4&#8243; _module_preset=&#8221;default&#8221; header_level=&#8221;h4&#8243; header_font=&#8221;Raleway|900|||||||&#8221; header_text_color=&#8221;#FFFFFF&#8221; header_font_size=&#8221;20px&#8221; background_enable_color=&#8221;off&#8221; background_image=&#8221;https:\/\/www.teol.se\/wp-content\/uploads\/2024\/11\/TA-IdehistoriaSlide.jpg&#8221; background_enable_image=&#8221;on&#8221; background_position=&#8221;top_center&#8221; custom_button=&#8221;on&#8221; button_text_color=&#8221;#f7c787&#8243; button_bg_color=&#8221;RGBA(255,255,255,0)&#8221; button_border_width=&#8221;3px&#8221; button_border_color=&#8221;#f7c787&#8243; button_use_icon=&#8221;on&#8221; button_icon=&#8221;&#xf105;||fa||900&#8243; button_on_hover=&#8221;off&#8221; global_colors_info=&#8221;{}&#8221; sticky_transition=&#8221;on&#8221;]<\/p>\n<h2>V\u00e4rdegrund och id\u00e9historia<\/h2>\n<p>med professor Torbj\u00f6rn Aronson. F\u00f6rst\u00e5 din kultur och ditt samh\u00e4lle i ett kristet perspektiv! Grundl\u00e4ggande kultur- och id\u00e9historisk \u00f6versikt fr\u00e5n Mellan\u00f6sterns tidiga h\u00f6gkulturer och den v\u00e4sterl\u00e4ndska kulturens olika epoker fram till dagens postmoderna kultur.<br \/>\n[\/et_pb_slide][\/et_pb_slider][\/et_pb_column][\/et_pb_row][\/et_pb_section][et_pb_section fb_built=&#8221;1&#8243; _builder_version=&#8221;4.20.4&#8243; _module_preset=&#8221;default&#8221; background_color=&#8221;#004b64&#8243; min_height=&#8221;44px&#8221; custom_margin=&#8221;||0px||false|false&#8221; custom_padding=&#8221;0px||2px||false|false&#8221; da_disable_devices=&#8221;off|off|off&#8221; global_colors_info=&#8221;{}&#8221; da_is_popup=&#8221;off&#8221; da_exit_intent=&#8221;off&#8221; da_has_close=&#8221;on&#8221; da_alt_close=&#8221;off&#8221; da_dark_close=&#8221;off&#8221; da_not_modal=&#8221;on&#8221; da_is_singular=&#8221;off&#8221; da_with_loader=&#8221;off&#8221; da_has_shadow=&#8221;on&#8221;][\/et_pb_section]<\/p>\n","protected":false},"excerpt":{"rendered":"<p>Studiedag: Kreativitet &nbsp; Anitha Risberg, medicine doktor Studiedag Kreativitet Vi \u00e4r skapade till kreativitet. Gud skapade \u2013 och vi \u00e4r skapade till hans avbild. D\u00e4rf\u00f6r b\u00e4r vi ocks\u00e5 p\u00e5 en [&hellip;]<\/p>\n","protected":false},"author":2,"featured_media":0,"parent":0,"menu_order":0,"comment_status":"closed","ping_status":"closed","template":"","meta":{"_acf_changed":false,"_et_pb_use_builder":"on","_et_pb_old_content":"","_et_gb_content_width":"","footnotes":""},"class_list":["post-13569","page","type-page","status-publish","hentry"],"acf":[],"_links":{"self":[{"href":"https:\/\/www.teol.se\/en\/wp-json\/wp\/v2\/pages\/13569","targetHints":{"allow":["GET"]}}],"collection":[{"href":"https:\/\/www.teol.se\/en\/wp-json\/wp\/v2\/pages"}],"about":[{"href":"https:\/\/www.teol.se\/en\/wp-json\/wp\/v2\/types\/page"}],"author":[{"embeddable":true,"href":"https:\/\/www.teol.se\/en\/wp-json\/wp\/v2\/users\/2"}],"replies":[{"embeddable":true,"href":"https:\/\/www.teol.se\/en\/wp-json\/wp\/v2\/comments?post=13569"}],"version-history":[{"count":12,"href":"https:\/\/www.teol.se\/en\/wp-json\/wp\/v2\/pages\/13569\/revisions"}],"predecessor-version":[{"id":13645,"href":"https:\/\/www.teol.se\/en\/wp-json\/wp\/v2\/pages\/13569\/revisions\/13645"}],"wp:attachment":[{"href":"https:\/\/www.teol.se\/en\/wp-json\/wp\/v2\/media?parent=13569"}],"curies":[{"name":"wp","href":"https:\/\/api.w.org\/{rel}","templated":true}]}}