{"id":13549,"date":"2026-04-14T15:10:41","date_gmt":"2026-04-14T13:10:41","guid":{"rendered":"https:\/\/www.teol.se\/?page_id=13549"},"modified":"2026-04-14T15:10:42","modified_gmt":"2026-04-14T13:10:42","slug":"adult-education-9","status":"publish","type":"page","link":"https:\/\/www.teol.se\/en\/adult-education-9\/","title":{"rendered":"Adult Education"},"content":{"rendered":"<p>[et_pb_section fb_built=&#8221;1&#8243; module_class=&#8221;top-slider-info&#8221; _builder_version=&#8221;4.27.4&#8243; _module_preset=&#8221;default&#8221; custom_padding=&#8221;0px||0px|||&#8221; da_disable_devices=&#8221;off|off|off&#8221; locked=&#8221;off&#8221; global_colors_info=&#8221;{}&#8221; da_is_popup=&#8221;off&#8221; da_exit_intent=&#8221;off&#8221; da_has_close=&#8221;on&#8221; da_alt_close=&#8221;off&#8221; da_dark_close=&#8221;off&#8221; da_not_modal=&#8221;on&#8221; da_is_singular=&#8221;off&#8221; da_with_loader=&#8221;off&#8221; da_has_shadow=&#8221;on&#8221;][et_pb_row _builder_version=&#8221;4.27.4&#8243; _module_preset=&#8221;default&#8221; width=&#8221;100%&#8221; max_width=&#8221;100%&#8221; custom_padding=&#8221;0px||0px|||&#8221; global_colors_info=&#8221;{}&#8221;][et_pb_column type=&#8221;4_4&#8243; _builder_version=&#8221;4.27.4&#8243; _module_preset=&#8221;default&#8221; global_colors_info=&#8221;{}&#8221;][et_pb_slider _builder_version=&#8221;4.27.6&#8243; _module_preset=&#8221;default&#8221; background_enable_color=&#8221;off&#8221; use_background_color_gradient=&#8221;on&#8221; background_color_gradient_stops=&#8221;rgba(0,0,0,0.61) 0%|rgba(0,0,0,0.28) 100%&#8221; background_color_gradient_overlays_image=&#8221;on&#8221; background_enable_image=&#8221;off&#8221; background_enable_video_mp4=&#8221;off&#8221; min_height=&#8221;1044px&#8221; auto=&#8221;on&#8221; auto_speed=&#8221;4000&#8243; custom_css_free_form=&#8221;selector .et_pb_slide_content {|| max-width: 800px;|| margin: auto;||||}&#8221; global_colors_info=&#8221;{}&#8221;][et_pb_slide button_link=&#8221;https:\/\/www.teol.se\/en\/adult-education-5\/&#8221; _builder_version=&#8221;4.27.6&#8243; _module_preset=&#8221;default&#8221; header_level=&#8221;h4&#8243; header_font=&#8221;|600|||||||&#8221; header_text_color=&#8221;#FFFFFF&#8221; header_font_size=&#8221;20px&#8221; background_enable_color=&#8221;off&#8221; background_image=&#8221;https:\/\/www.teol.se\/wp-content\/uploads\/2026\/01\/AdobeStock_1600776863-scaled.jpeg&#8221; background_enable_image=&#8221;on&#8221; background_blend=&#8221;darken&#8221; background_enable_video_mp4=&#8221;off&#8221; background_enable_video_webm=&#8221;off&#8221; custom_button=&#8221;on&#8221; button_text_color=&#8221;#FFFFFF&#8221; button_bg_color=&#8221;#d85045&#8243; button_border_width=&#8221;3px&#8221; button_border_color=&#8221;#d85045&#8243; button_use_icon=&#8221;on&#8221; button_icon=&#8221;\uf105||fa||900&#8243; button_on_hover=&#8221;off&#8221; global_colors_info=&#8221;{}&#8221; sticky_transition=&#8221;on&#8221;]<\/p>\n<h3><strong>Studiedag och frist\u00e5ende kurs:<\/strong><\/h3>\n<h1>Hj\u00e4rnbaserat l\u00e4rande<\/h1>\n<p>&nbsp;<\/p>\n<p><strong>Helena Virs\u00e9n, master i Administration and Organization<\/strong><\/p>\n<p>[\/et_pb_slide][\/et_pb_slider][\/et_pb_column][\/et_pb_row][\/et_pb_section][et_pb_section fb_built=&#8221;1&#8243; _builder_version=&#8221;4.27.4&#8243; _module_preset=&#8221;default&#8221; da_disable_devices=&#8221;off|off|off&#8221; locked=&#8221;off&#8221; global_colors_info=&#8221;{}&#8221; da_is_popup=&#8221;off&#8221; da_exit_intent=&#8221;off&#8221; da_has_close=&#8221;on&#8221; da_alt_close=&#8221;off&#8221; da_dark_close=&#8221;off&#8221; da_not_modal=&#8221;on&#8221; da_is_singular=&#8221;off&#8221; da_with_loader=&#8221;off&#8221; da_has_shadow=&#8221;on&#8221;][et_pb_row custom_padding_last_edited=&#8221;on|phone&#8221; _builder_version=&#8221;4.27.4&#8243; _module_preset=&#8221;default&#8221; custom_margin=&#8221;||||false|false&#8221; custom_padding=&#8221;0px|150px|0px|150px|false|true&#8221; custom_padding_tablet=&#8221;|0px||0px|false|true&#8221; custom_padding_phone=&#8221;|0px||0px|false|true&#8221; global_colors_info=&#8221;{}&#8221;][et_pb_column type=&#8221;4_4&#8243; _builder_version=&#8221;4.27.4&#8243; _module_preset=&#8221;default&#8221; global_colors_info=&#8221;{}&#8221;][et_pb_text _builder_version=&#8221;4.27.6&#8243; _module_preset=&#8221;default&#8221; header_3_font=&#8221;Inter|700|||||||&#8221; header_3_font_size=&#8221;16px&#8221; header_4_font=&#8221;Inter|700|||||||&#8221; hover_enabled=&#8221;0&#8243; global_colors_info=&#8221;{}&#8221; sticky_enabled=&#8221;0&#8243;]<\/p>\n<div class=\"row \">\n<div id=\"wpv-column-7527fabcdecb12cec0d3774be8392a12\" class=\"wpv-grid grid-1-1 wpv-first-level first unextended\">\n<h3><strong>Studiedag Hj\u00e4rnbaserat l\u00e4rande<\/strong><\/h3>\n<p>Hur kan undervisning utformas i samklang med hur hj\u00e4rnan faktiskt l\u00e4r sig? Hj\u00e4rnbaserat l\u00e4rande \u00e4r ett perspektiv p\u00e5 undervisning och l\u00e4rande som tar sin utg\u00e5ngspunkt i hj\u00e4rnans s\u00e4tt att bearbeta uppm\u00e4rksamhet, minne, motivation och kunskapsutveckling. H\u00e4r m\u00f6ts psykologi, neurovetenskap och kognitionsvetenskap i ett gemensamt fokus: att st\u00e4rka undervisningens kvalitet och elevernas l\u00e4rande.<\/p>\n<p><strong>Uppl\u00e4gg &#8211; halvdag eller heldag<\/strong><br \/>\nStudiedagen kan genomf\u00f6ras som halvdag eller heldag och anpassas efter verksamhetens behov och f\u00f6ruts\u00e4ttningar. Inneh\u00e5llet bygger p\u00e5 kursens centrala teman och kombinerar teori, reflektion och praktiska moment.<\/p>\n<p>Under studiedagen behandlas grundl\u00e4ggande principer f\u00f6r hj\u00e4rnbaserat l\u00e4rande och hur dessa kan till\u00e4mpas i undervisning, tr\u00e4ning och annan pedagogisk verksamhet. Deltagarna f\u00e5r m\u00f6jlighet att reflektera, ta del av konkreta exempel och pr\u00f6va arbetss\u00e4tt som st\u00e4rker uppm\u00e4rksamhet, motivation och l\u00e4rande.<\/p>\n<p>M\u00e5let \u00e4r att ge en \u00f6kad f\u00f6rst\u00e5else f\u00f6r hur undervisning kan utformas i samklang med hur hj\u00e4rnan l\u00e4r samt f\u00f6rmedla verktyg som direkt kan oms\u00e4ttas i den egna verksamheten. Dokumentation och handout ing\u00e5r.<\/p>\n<\/div>\n<\/div>\n<p>[\/et_pb_text][\/et_pb_column][\/et_pb_row][et_pb_row custom_padding_last_edited=&#8221;on|phone&#8221; _builder_version=&#8221;4.27.4&#8243; _module_preset=&#8221;default&#8221; custom_margin=&#8221;||||false|false&#8221; custom_padding=&#8221;16px|150px|0px|150px|false|true&#8221; custom_padding_tablet=&#8221;|0px||0px|false|true&#8221; custom_padding_phone=&#8221;|0px||0px|false|true&#8221; global_colors_info=&#8221;{}&#8221;][et_pb_column type=&#8221;4_4&#8243; _builder_version=&#8221;4.27.4&#8243; _module_preset=&#8221;default&#8221; global_colors_info=&#8221;{}&#8221;][et_pb_text _builder_version=&#8221;4.27.6&#8243; _module_preset=&#8221;default&#8221; header_3_font=&#8221;Inter|700|||||||&#8221; header_3_font_size=&#8221;16px&#8221; header_4_font=&#8221;Inter|700|||||||&#8221; hover_enabled=&#8221;0&#8243; global_colors_info=&#8221;{}&#8221; sticky_enabled=&#8221;0&#8243;]<\/p>\n<div class=\"row \">\n<div id=\"wpv-column-7527fabcdecb12cec0d3774be8392a12\" class=\"wpv-grid grid-1-1 wpv-first-level first unextended\">\n<p><strong>Detta f\u00e5r ni med er fr\u00e5n studiedagen:<\/strong><\/p>\n<ul>\n<li>\u00f6kad f\u00f6rst\u00e5else f\u00f6r hur hj\u00e4rnan vanligtvis l\u00e4r<\/li>\n<li>kunskap om vad som fr\u00e4mjar uppm\u00e4rksamhet, motivation och minne<\/li>\n<li>insikt i hur sinnen och k\u00e4nslor p\u00e5verkar inl\u00e4rningen<\/li>\n<li>ett mer forskningsmedvetet f\u00f6rh\u00e5llningss\u00e4tt till pedagogiska metoder<\/li>\n<li>konkreta id\u00e9er f\u00f6r undervisning som st\u00e4rker elevers l\u00e4rande<\/li>\n<\/ul>\n<p><strong style=\"font-size: 14px;\"><img loading=\"lazy\" decoding=\"async\" class=\"wp-image-13512 alignnone size-medium\" src=\"https:\/\/www.teol.se\/wp-content\/uploads\/2026\/04\/Helena-Virsen-beskuren-292x300.jpg\" alt=\"\" width=\"292\" height=\"300\" \/><\/strong><\/p>\n<p><strong style=\"font-size: 14px;\">Helena Virs\u00e9n<\/strong><span style=\"font-size: 14px;\"> har varit verksam inom utbildningsomr\u00e5det i mer \u00e4n fyra decennier som l\u00e4rare, skolledare och pedagogisk utvecklare. Hon har en kandidatexamen fr\u00e5n Stockholms universitet, en masterexamen i Administration and Organization fr\u00e5n Oral Roberts University samt svensk statlig rektorsutbildning. Hon har l\u00e5ng erfarenhet av pedagogiskt ledarskap och undervisning, och undervisar vid STH i <\/span><em style=\"font-size: 14px;\">How To Teach More Effectively <\/em><span style=\"font-size: 14px;\">och<\/span><em style=\"font-size: 14px;\"> Brain-Based Learning.<\/em><\/p>\n<\/div>\n<\/div>\n<p>[\/et_pb_text][\/et_pb_column][\/et_pb_row][\/et_pb_section][et_pb_section fb_built=&#8221;1&#8243; module_class=&#8221;undersidor-lankboxar&#8221; _builder_version=&#8221;4.21.0&#8243; _module_preset=&#8221;default&#8221; da_disable_devices=&#8221;off|off|off&#8221; global_colors_info=&#8221;{}&#8221; da_is_popup=&#8221;off&#8221; da_exit_intent=&#8221;off&#8221; da_has_close=&#8221;on&#8221; da_alt_close=&#8221;off&#8221; da_dark_close=&#8221;off&#8221; da_not_modal=&#8221;on&#8221; da_is_singular=&#8221;off&#8221; da_with_loader=&#8221;off&#8221; da_has_shadow=&#8221;on&#8221;][et_pb_row column_structure=&#8221;1_2,1_2&#8243; make_equal=&#8221;on&#8221; _builder_version=&#8221;4.20.4&#8243; _module_preset=&#8221;default&#8221; global_colors_info=&#8221;{}&#8221;][et_pb_column type=&#8221;1_2&#8243; _builder_version=&#8221;4.20.4&#8243; _module_preset=&#8221;default&#8221; background_color=&#8221;#004b64&#8243; global_colors_info=&#8221;{}&#8221;][et_pb_text _builder_version=&#8221;4.27.6&#8243; _module_preset=&#8221;default&#8221; text_font=&#8221;|700|||||||&#8221; text_text_color=&#8221;#FFFFFF&#8221; header_2_font=&#8221;Inter|700|||||||&#8221; header_2_text_color=&#8221;#FFFFFF&#8221; background_enable_color=&#8221;off&#8221; custom_padding=&#8221;30px|30px|30px|30px|true|true&#8221; hover_enabled=&#8221;0&#8243; global_colors_info=&#8221;{}&#8221; sticky_enabled=&#8221;0&#8243;]<\/p>\n<p>FRIST\u00c5ENDE KURS &#8211; Hj\u00e4rnbaserat l\u00e4rande.<br \/>\nDen frist\u00e5ende kursen ges p\u00e5 25 procent under en termin och omfattar 6 p.<br \/>\nUnder kursen f\u00e5r du en grund i hj\u00e4rnbaserat l\u00e4rande och l\u00e4r dig hur forskning om hj\u00e4rnan kan anv\u00e4ndas f\u00f6r att st\u00e4rka undervisning och inl\u00e4rning. Du f\u00e5r insikt i hur nya kopplingar och inl\u00e4rningsv\u00e4gar skapas i hj\u00e4rnan, samtidigt som du utvecklar f\u00f6rst\u00e5else f\u00f6r konkreta strategier som kan anv\u00e4ndas i klassrummet. Kursen hj\u00e4lper dig att se hur teori och praktik h\u00e4nger ihop och hur moderna perspektiv p\u00e5 l\u00e4rande kan bidra till b\u00e4ttre undervisning.<\/p>\n<p>[\/et_pb_text][\/et_pb_column][et_pb_column type=&#8221;1_2&#8243; _builder_version=&#8221;4.20.4&#8243; _module_preset=&#8221;default&#8221; background_color=&#8221;#004b64&#8243; global_colors_info=&#8221;{}&#8221;][et_pb_text _builder_version=&#8221;4.27.6&#8243; _module_preset=&#8221;default&#8221; text_font=&#8221;|700|||||||&#8221; text_text_color=&#8221;#FFFFFF&#8221; header_2_font=&#8221;Inter|700|||||||&#8221; header_2_text_color=&#8221;#FFFFFF&#8221; background_enable_color=&#8221;off&#8221; custom_padding=&#8221;30px|30px|30px|30px|true|true&#8221; global_colors_info=&#8221;{}&#8221;]<\/p>\n<p><strong>F\u00d6REL\u00c4SNINGAR<\/strong><\/p>\n<p>Vi erbjuder \u00e4ven enstaka f\u00f6rel\u00e4sningar eller en serie av f\u00f6rel\u00e4sningar inom samma \u00e4mnesomr\u00e5de. Dessa kan med f\u00f6rdel ges exempelvis vid APT, kompetensutvecklingsdagar eller andra sammanhang p\u00e5 skolor och f\u00f6rskolor. F\u00f6rel\u00e4sningarna anpassas efter verksamhetens behov och kan fungera b\u00e5de som inspiration, fortbildning och ett konkret st\u00f6d i det pedagogiska arbetet.<\/p>\n<p>[\/et_pb_text][\/et_pb_column][\/et_pb_row][\/et_pb_section][et_pb_section fb_built=&#8221;1&#8243; disabled_on=&#8221;on|on|on&#8221; module_class=&#8221;aktuell-media-sektion&#8221; _builder_version=&#8221;4.21.0&#8243; _module_preset=&#8221;default&#8221; use_background_color_gradient=&#8221;on&#8221; background_color_gradient_stops=&#8221;#e6e6e6 65%|#ffffff 65%&#8221; da_disable_devices=&#8221;off|off|off&#8221; disabled=&#8221;on&#8221; locked=&#8221;off&#8221; collapsed=&#8221;off&#8221; global_colors_info=&#8221;{}&#8221; da_is_popup=&#8221;off&#8221; da_exit_intent=&#8221;off&#8221; da_has_close=&#8221;on&#8221; da_alt_close=&#8221;off&#8221; da_dark_close=&#8221;off&#8221; da_not_modal=&#8221;on&#8221; da_is_singular=&#8221;off&#8221; da_with_loader=&#8221;off&#8221; da_has_shadow=&#8221;on&#8221;][et_pb_row _builder_version=&#8221;4.21.0&#8243; _module_preset=&#8221;default&#8221; global_colors_info=&#8221;{}&#8221;][et_pb_column type=&#8221;4_4&#8243; _builder_version=&#8221;4.21.0&#8243; _module_preset=&#8221;default&#8221; global_colors_info=&#8221;{}&#8221;][et_pb_text _builder_version=&#8221;4.27.4&#8243; _module_preset=&#8221;default&#8221; header_text_color=&#8221;#004b64&#8243; header_2_text_color=&#8221;#004b64&#8243; header_2_font_size=&#8221;30px&#8221; text_orientation=&#8221;center&#8221; link_option_url=&#8221;https:\/\/youtu.be\/ZQcsYO_gkPw&#8221; global_colors_info=&#8221;{}&#8221;]<\/p>\n<h2>Programf\u00f6rklaring f\u00f6r Pedagogiska fakulteten<\/h2>\n<p>[\/et_pb_text][\/et_pb_column][\/et_pb_row][et_pb_row column_structure=&#8221;1_2,1_2&#8243; use_custom_gutter=&#8221;on&#8221; gutter_width=&#8221;1&#8243; make_equal=&#8221;on&#8221; _builder_version=&#8221;4.21.0&#8243; _module_preset=&#8221;default&#8221; global_colors_info=&#8221;{}&#8221;][et_pb_column type=&#8221;1_2&#8243; _builder_version=&#8221;4.21.0&#8243; _module_preset=&#8221;default&#8221; box_shadow_style=&#8221;preset1&#8243; box_shadow_horizontal=&#8221;-25px&#8221; box_shadow_vertical=&#8221;-25px&#8221; box_shadow_blur=&#8221;20px&#8221; box_shadow_color=&#8221;rgba(0,0,0,0.22)&#8221; global_colors_info=&#8221;{}&#8221;][et_pb_video src=&#8221;https:\/\/youtu.be\/ZQcsYO_gkPw&#8221; image_src=&#8221;\/\/i.ytimg.com\/vi\/ZQcsYO_gkPw\/hqdefault.jpg&#8221; _builder_version=&#8221;4.27.3&#8243; _module_preset=&#8221;default&#8221; locked=&#8221;off&#8221; global_colors_info=&#8221;{}&#8221;][\/et_pb_video][\/et_pb_column][et_pb_column type=&#8221;1_2&#8243; _builder_version=&#8221;4.21.0&#8243; _module_preset=&#8221;default&#8221; background_color=&#8221;#FFFFFF&#8221; custom_padding=&#8221;30px|25px|30px|25px|true|true&#8221; global_colors_info=&#8221;{}&#8221;][et_pb_text _builder_version=&#8221;4.27.4&#8243; _module_preset=&#8221;default&#8221; global_colors_info=&#8221;{}&#8221;]<\/p>\n<h3>&#8220;Livet \u00e4r l\u00e4rande och l\u00e4rande \u00e4r livet&#8221;<\/h3>\n<p>Medicine doktor i fysiologi Anitha Risberg, studierektor f\u00f6r Pedagogiska fakulteten<\/p>\n<p>[\/et_pb_text][et_pb_button button_url=&#8221;https:\/\/www.youtube.com\/channel\/UC_mnHopUhkB1NOn0KwfXgsQ&#8221; button_text=&#8221;Youtube&#8221; button_alignment=&#8221;center&#8221; _builder_version=&#8221;4.27.0&#8243; _module_preset=&#8221;default&#8221; custom_button=&#8221;on&#8221; button_text_color=&#8221;#FFFFFF&#8221; button_bg_color=&#8221;#da5954&#8243; button_border_color=&#8221;#da5954&#8243; background_layout=&#8221;dark&#8221; global_colors_info=&#8221;{}&#8221;][\/et_pb_button][\/et_pb_column][\/et_pb_row][\/et_pb_section][et_pb_section fb_built=&#8221;1&#8243; module_class=&#8221;top-slider-info&#8221; _builder_version=&#8221;4.27.4&#8243; _module_preset=&#8221;default&#8221; custom_padding=&#8221;0px||0px|||&#8221; da_disable_devices=&#8221;off|off|off&#8221; locked=&#8221;off&#8221; global_colors_info=&#8221;{}&#8221; da_is_popup=&#8221;off&#8221; da_exit_intent=&#8221;off&#8221; da_has_close=&#8221;on&#8221; da_alt_close=&#8221;off&#8221; da_dark_close=&#8221;off&#8221; da_not_modal=&#8221;on&#8221; da_is_singular=&#8221;off&#8221; da_with_loader=&#8221;off&#8221; da_has_shadow=&#8221;on&#8221;][et_pb_row disabled_on=&#8221;on|on|on&#8221; _builder_version=&#8221;4.21.0&#8243; _module_preset=&#8221;default&#8221; width=&#8221;100%&#8221; max_width=&#8221;100%&#8221; custom_padding=&#8221;0px||0px|||&#8221; disabled=&#8221;on&#8221; global_colors_info=&#8221;{}&#8221;][et_pb_column type=&#8221;4_4&#8243; _builder_version=&#8221;4.21.0&#8243; _module_preset=&#8221;default&#8221; global_colors_info=&#8221;{}&#8221;][et_pb_slider _builder_version=&#8221;4.27.4&#8243; _module_preset=&#8221;default&#8221; header_font=&#8221;Raleway|900|||||||&#8221; header_text_color=&#8221;#000000&#8243; background_enable_color=&#8221;off&#8221; use_background_color_gradient=&#8221;on&#8221; background_color_gradient_stops=&#8221;rgba(0,0,0,0.61) 0%|rgba(0,0,0,0.28) 100%&#8221; background_color_gradient_overlays_image=&#8221;on&#8221; min_height=&#8221;1084px&#8221; custom_padding=&#8221;||105px|||&#8221; custom_css_free_form=&#8221;selector .et_pb_slide_content {|| max-width: 1200px;|| margin: auto;||}||||selector h2 {|| font-size: 55px;||}&#8221; global_colors_info=&#8221;{}&#8221;][et_pb_slide heading=&#8221;Popul\u00e4ra kurser&#8221; button_text=&#8221;Mer info&#8221; button_link=&#8221;https:\/\/www.teol.se\/kursplan\/introduktion-till-nya-testamentet\/&#8221; _builder_version=&#8221;4.27.4&#8243; _module_preset=&#8221;default&#8221; header_level=&#8221;h1&#8243; header_font=&#8221;Raleway|900|||||||&#8221; header_text_color=&#8221;#FFFFFF&#8221; header_font_size=&#8221;22px&#8221; background_enable_color=&#8221;off&#8221; background_image=&#8221;https:\/\/www.teol.se\/wp-content\/uploads\/2025\/02\/VGcertbeskuren.jpg&#8221; background_enable_image=&#8221;on&#8221; background_position=&#8221;top_center&#8221; custom_button=&#8221;on&#8221; button_text_color=&#8221;#f7c787&#8243; button_bg_color=&#8221;RGBA(255,255,255,0)&#8221; button_border_width=&#8221;3px&#8221; button_border_color=&#8221;#f7c787&#8243; button_use_icon=&#8221;on&#8221; button_icon=&#8221;\uf105||fa||900&#8243; button_on_hover=&#8221;off&#8221; global_colors_info=&#8221;{}&#8221; sticky_transition=&#8221;on&#8221;]<\/p>\n<h2>V\u00e4rdegrundscertifiering &#8211; grundstenar f\u00f6r livet<\/h2>\n<p>ger verktyg f\u00f6r l\u00e4rare och annan skolpersonal att arbeta med, och h\u00e5lla v\u00e4rdegrunden levande<\/p>\n<p>[\/et_pb_slide][et_pb_slide heading=&#8221;Popul\u00e4ra kurser&#8221; button_text=&#8221;Mer info&#8221; button_link=&#8221;https:\/\/www.teol.se\/kursplan\/vardegrund-och-idehistoria\/&#8221; _builder_version=&#8221;4.27.4&#8243; _module_preset=&#8221;default&#8221; header_level=&#8221;h4&#8243; header_font=&#8221;Raleway|900|||||||&#8221; header_text_color=&#8221;#FFFFFF&#8221; header_font_size=&#8221;20px&#8221; background_enable_color=&#8221;off&#8221; background_image=&#8221;https:\/\/www.teol.se\/wp-content\/uploads\/2024\/11\/TA-IdehistoriaSlide.jpg&#8221; background_enable_image=&#8221;on&#8221; background_position=&#8221;top_center&#8221; custom_button=&#8221;on&#8221; button_text_color=&#8221;#f7c787&#8243; button_bg_color=&#8221;RGBA(255,255,255,0)&#8221; button_border_width=&#8221;3px&#8221; button_border_color=&#8221;#f7c787&#8243; button_use_icon=&#8221;on&#8221; button_icon=&#8221;\uf105||fa||900&#8243; button_on_hover=&#8221;off&#8221; global_colors_info=&#8221;{}&#8221; sticky_transition=&#8221;on&#8221;]<\/p>\n<h2>V\u00e4rdegrund och id\u00e9historia<\/h2>\n<p>med professor Torbj\u00f6rn Aronson. F\u00f6rst\u00e5 din kultur och ditt samh\u00e4lle i ett kristet perspektiv! Grundl\u00e4ggande kultur- och id\u00e9historisk \u00f6versikt fr\u00e5n Mellan\u00f6sterns tidiga h\u00f6gkulturer och den v\u00e4sterl\u00e4ndska kulturens olika epoker fram till dagens postmoderna kultur.<\/p>\n<p>[\/et_pb_slide][\/et_pb_slider][\/et_pb_column][\/et_pb_row][\/et_pb_section][et_pb_section fb_built=&#8221;1&#8243; _builder_version=&#8221;4.20.4&#8243; _module_preset=&#8221;default&#8221; background_color=&#8221;#004b64&#8243; min_height=&#8221;44px&#8221; custom_margin=&#8221;||0px||false|false&#8221; custom_padding=&#8221;0px||2px||false|false&#8221; da_disable_devices=&#8221;off|off|off&#8221; global_colors_info=&#8221;{}&#8221; da_is_popup=&#8221;off&#8221; da_exit_intent=&#8221;off&#8221; da_has_close=&#8221;on&#8221; da_alt_close=&#8221;off&#8221; da_dark_close=&#8221;off&#8221; da_not_modal=&#8221;on&#8221; da_is_singular=&#8221;off&#8221; da_with_loader=&#8221;off&#8221; da_has_shadow=&#8221;on&#8221;][\/et_pb_section]<\/p>\n","protected":false},"excerpt":{"rendered":"<p>Studiedag och frist\u00e5ende kurs: Hj\u00e4rnbaserat l\u00e4rande &nbsp; Helena Virs\u00e9n, master i Administration and Organization Studiedag Hj\u00e4rnbaserat l\u00e4rande Hur kan undervisning utformas i samklang med hur hj\u00e4rnan faktiskt l\u00e4r sig? Hj\u00e4rnbaserat [&hellip;]<\/p>\n","protected":false},"author":2,"featured_media":0,"parent":0,"menu_order":0,"comment_status":"closed","ping_status":"closed","template":"","meta":{"_acf_changed":false,"_et_pb_use_builder":"on","_et_pb_old_content":"","_et_gb_content_width":"","footnotes":""},"class_list":["post-13549","page","type-page","status-publish","hentry"],"acf":[],"_links":{"self":[{"href":"https:\/\/www.teol.se\/en\/wp-json\/wp\/v2\/pages\/13549","targetHints":{"allow":["GET"]}}],"collection":[{"href":"https:\/\/www.teol.se\/en\/wp-json\/wp\/v2\/pages"}],"about":[{"href":"https:\/\/www.teol.se\/en\/wp-json\/wp\/v2\/types\/page"}],"author":[{"embeddable":true,"href":"https:\/\/www.teol.se\/en\/wp-json\/wp\/v2\/users\/2"}],"replies":[{"embeddable":true,"href":"https:\/\/www.teol.se\/en\/wp-json\/wp\/v2\/comments?post=13549"}],"version-history":[{"count":2,"href":"https:\/\/www.teol.se\/en\/wp-json\/wp\/v2\/pages\/13549\/revisions"}],"predecessor-version":[{"id":13551,"href":"https:\/\/www.teol.se\/en\/wp-json\/wp\/v2\/pages\/13549\/revisions\/13551"}],"wp:attachment":[{"href":"https:\/\/www.teol.se\/en\/wp-json\/wp\/v2\/media?parent=13549"}],"curies":[{"name":"wp","href":"https:\/\/api.w.org\/{rel}","templated":true}]}}