{"id":13131,"date":"2026-04-14T14:12:43","date_gmt":"2026-04-14T12:12:43","guid":{"rendered":"https:\/\/www.teol.se\/?page_id=13131"},"modified":"2026-04-15T09:12:34","modified_gmt":"2026-04-15T07:12:34","slug":"adult-education-7","status":"publish","type":"page","link":"https:\/\/www.teol.se\/en\/adult-education-7\/","title":{"rendered":"Adult Education"},"content":{"rendered":"<p>[et_pb_section fb_built=&#8221;1&#8243; module_class=&#8221;top-slider-info&#8221; _builder_version=&#8221;4.27.4&#8243; _module_preset=&#8221;default&#8221; custom_padding=&#8221;0px||0px|||&#8221; da_disable_devices=&#8221;off|off|off&#8221; locked=&#8221;off&#8221; global_colors_info=&#8221;{}&#8221; da_is_popup=&#8221;off&#8221; da_exit_intent=&#8221;off&#8221; da_has_close=&#8221;on&#8221; da_alt_close=&#8221;off&#8221; da_dark_close=&#8221;off&#8221; da_not_modal=&#8221;on&#8221; da_is_singular=&#8221;off&#8221; da_with_loader=&#8221;off&#8221; da_has_shadow=&#8221;on&#8221;][et_pb_row _builder_version=&#8221;4.27.4&#8243; _module_preset=&#8221;default&#8221; width=&#8221;100%&#8221; max_width=&#8221;100%&#8221; custom_padding=&#8221;0px||0px|||&#8221; global_colors_info=&#8221;{}&#8221;][et_pb_column type=&#8221;4_4&#8243; _builder_version=&#8221;4.27.4&#8243; _module_preset=&#8221;default&#8221; global_colors_info=&#8221;{}&#8221;][et_pb_slider _builder_version=&#8221;4.27.6&#8243; _module_preset=&#8221;default&#8221; background_enable_color=&#8221;off&#8221; use_background_color_gradient=&#8221;on&#8221; background_color_gradient_stops=&#8221;rgba(0,0,0,0.61) 0%|rgba(0,0,0,0.28) 100%&#8221; background_color_gradient_overlays_image=&#8221;on&#8221; background_enable_image=&#8221;off&#8221; background_position=&#8221;bottom_center&#8221; background_enable_video_mp4=&#8221;off&#8221; min_height=&#8221;1044px&#8221; auto=&#8221;on&#8221; auto_speed=&#8221;4000&#8243; custom_css_free_form=&#8221;selector .et_pb_slide_content {||    max-width: 800px;||    margin: auto;||||}&#8221; global_colors_info=&#8221;{}&#8221;][et_pb_slide button_link=&#8221;https:\/\/www.teol.se\/en\/adult-education-5\/&#8221; _builder_version=&#8221;4.27.6&#8243; _module_preset=&#8221;default&#8221; header_level=&#8221;h4&#8243; header_font=&#8221;|600|||||||&#8221; header_text_color=&#8221;#FFFFFF&#8221; header_font_size=&#8221;20px&#8221; background_enable_color=&#8221;off&#8221; background_image=&#8221;https:\/\/www.teol.se\/wp-content\/uploads\/2026\/04\/att-undervisa-mer-effektivt-scaled.jpg&#8221; background_enable_image=&#8221;on&#8221; background_position=&#8221;bottom_center&#8221; background_blend=&#8221;darken&#8221; background_enable_video_mp4=&#8221;off&#8221; background_enable_video_webm=&#8221;off&#8221; custom_button=&#8221;on&#8221; button_text_color=&#8221;#FFFFFF&#8221; button_bg_color=&#8221;#d85045&#8243; button_border_width=&#8221;3px&#8221; button_border_color=&#8221;#d85045&#8243; button_use_icon=&#8221;on&#8221; button_icon=&#8221;&#xf105;||fa||900&#8243; button_on_hover=&#8221;off&#8221; global_colors_info=&#8221;{}&#8221; sticky_transition=&#8221;on&#8221;]<\/p>\n<h3><strong>Studiedag och frist\u00e5ende kurs:<\/strong><\/h3>\n<h1>Att undervisa mer effektivt &#8211; How To Teach More Effectively<\/h1>\n<p><strong><\/strong><\/p>\n<p><strong>Helena Virs\u00e9n, master i Administration and Organization<\/strong><\/p>\n<p>[\/et_pb_slide][\/et_pb_slider][\/et_pb_column][\/et_pb_row][\/et_pb_section][et_pb_section fb_built=&#8221;1&#8243; _builder_version=&#8221;4.27.4&#8243; _module_preset=&#8221;default&#8221; da_disable_devices=&#8221;off|off|off&#8221; locked=&#8221;off&#8221; global_colors_info=&#8221;{}&#8221; da_is_popup=&#8221;off&#8221; da_exit_intent=&#8221;off&#8221; da_has_close=&#8221;on&#8221; da_alt_close=&#8221;off&#8221; da_dark_close=&#8221;off&#8221; da_not_modal=&#8221;on&#8221; da_is_singular=&#8221;off&#8221; da_with_loader=&#8221;off&#8221; da_has_shadow=&#8221;on&#8221;][et_pb_row custom_padding_last_edited=&#8221;on|phone&#8221; _builder_version=&#8221;4.27.4&#8243; _module_preset=&#8221;default&#8221; custom_margin=&#8221;||||false|false&#8221; custom_padding=&#8221;0px|150px|0px|150px|false|true&#8221; custom_padding_tablet=&#8221;|0px||0px|false|true&#8221; custom_padding_phone=&#8221;|0px||0px|false|true&#8221; global_colors_info=&#8221;{}&#8221;][et_pb_column type=&#8221;4_4&#8243; _builder_version=&#8221;4.27.4&#8243; _module_preset=&#8221;default&#8221; global_colors_info=&#8221;{}&#8221;][et_pb_text _builder_version=&#8221;4.27.6&#8243; _module_preset=&#8221;default&#8221; header_3_font=&#8221;Inter|700|||||||&#8221; header_3_font_size=&#8221;16px&#8221; header_4_font=&#8221;Inter|700|||||||&#8221; global_colors_info=&#8221;{}&#8221;]<\/p>\n<div class=\"row \">\n<div class=\"wpv-grid grid-1-1  wpv-first-level first unextended\" id=\"wpv-column-7527fabcdecb12cec0d3774be8392a12\">\n<h3><strong>Studiedag Att undervisa mer effektivt<\/strong><\/h3>\n<p>Hur skapar vi undervisning som verkligen g\u00f6r skillnad \u2013 undervisning som engagerar, stannar kvar och leder till faktisk inl\u00e4rning? Studiedagen <em>Att undervisa mer effektivt<\/em> v\u00e4nder sig till dig som undervisar, f\u00f6rel\u00e4ser eller leder informationsm\u00f6ten och ger konkreta verktyg samt ett tydligt ramverk f\u00f6r undervisning som engagerar och f\u00f6r l\u00e4rande som best\u00e5r.<\/p>\n<p><strong>Uppl\u00e4gg \u2013 halvdag eller heldag<\/strong><br \/>\nStudiedagen kan genomf\u00f6ras som halvdag (2,5 timmar) eller heldag (5,5 timmar) och bygger p\u00e5 k\u00e4rnan i den frist\u00e5ende kursen <em>Att undervisa mer effektivt<\/em>. Under dagen arbetar vi systematiskt med hur man planerar, genomf\u00f6r och avslutar en lektion, ett tema, en kurs eller en f\u00f6rel\u00e4sning, med fokus p\u00e5 b\u00e5de struktur och m\u00e4nskligt samspel.<\/p>\n<p>Deltagarna f\u00e5r en f\u00f6rdjupad f\u00f6rst\u00e5else f\u00f6r vad som k\u00e4nnetecknar effektiv undervisning och hur kunskap kan f\u00f6rmedlas p\u00e5 ett medvetet och h\u00e5llbart s\u00e4tt till en grupp. Vi behandlar bland annat skillnaden mellan att vara en god l\u00e4rare och en effektiv l\u00e4rare, vilka metoder som fungerar \u00f6ver tid samt hur man kan l\u00e4sa av och arbeta med gruppdynamik. Centrala begrepp som Hook, Book, Look och Took konkretiseras och s\u00e4tts in i ett pedagogiskt sammanhang.<\/p>\n<p>M\u00e5let med studiedagen \u00e4r att deltagarna ska bli tryggare i sin roll som utbildare eller f\u00f6rel\u00e4sare. M\u00e5nga moment kommer att k\u00e4nnas igen som en bekr\u00e4ftelse p\u00e5 det man redan g\u00f6r v\u00e4l, samtidigt som nya perspektiv, id\u00e9er och verktyg erbjuds f\u00f6r direkt till\u00e4mpning i den egna praktiken. Dokumentation och handout ing\u00e5r.<\/p>\n<\/div>\n<\/div>\n<p>[\/et_pb_text][\/et_pb_column][\/et_pb_row][et_pb_row custom_padding_last_edited=&#8221;on|phone&#8221; _builder_version=&#8221;4.27.4&#8243; _module_preset=&#8221;default&#8221; custom_margin=&#8221;||||false|false&#8221; custom_padding=&#8221;16px|150px|0px|150px|false|true&#8221; custom_padding_tablet=&#8221;|0px||0px|false|true&#8221; custom_padding_phone=&#8221;|0px||0px|false|true&#8221; global_colors_info=&#8221;{}&#8221;][et_pb_column type=&#8221;4_4&#8243; _builder_version=&#8221;4.27.4&#8243; _module_preset=&#8221;default&#8221; global_colors_info=&#8221;{}&#8221;][et_pb_text _builder_version=&#8221;4.27.6&#8243; _module_preset=&#8221;default&#8221; header_3_font=&#8221;Inter|700|||||||&#8221; header_3_font_size=&#8221;16px&#8221; header_4_font=&#8221;Inter|700|||||||&#8221; global_colors_info=&#8221;{}&#8221;]<\/p>\n<div class=\"row \">\n<div class=\"wpv-grid grid-1-1  wpv-first-level first unextended\" id=\"wpv-column-7527fabcdecb12cec0d3774be8392a12\">\n<p><strong>Detta f\u00e5r ni med er fr\u00e5n studiedagen:<\/strong><\/p>\n<ul>\n<li>hur man inleder en lektion eller f\u00f6rel\u00e4sning p\u00e5 ett genomt\u00e4nkt s\u00e4tt<\/li>\n<li>hur man beh\u00e5ller gruppens uppm\u00e4rksamhet och engagemang<\/li>\n<li>hur man avslutar undervisningen s\u00e5 att inneh\u00e5llet bef\u00e4sts<\/li>\n<li>hur man l\u00e4ttare kan l\u00e4sa av och arbeta med gruppens dynamik<\/li>\n<li>hur man blir tryggare och mer medveten i rollen som utbildare eller f\u00f6rel\u00e4sare<\/li>\n<\/ul>\n<p><strong style=\"font-size: 14px;\"><img loading=\"lazy\" decoding=\"async\" src=\"https:\/\/www.teol.se\/wp-content\/uploads\/2026\/04\/Helena-Virsen-beskuren-292x300.jpg\" width=\"292\" height=\"300\" alt=\"\" class=\"wp-image-13512 alignnone size-medium\" \/><\/strong><\/p>\n<p><strong style=\"font-size: 14px;\">Helena Virs\u00e9n<\/strong><span style=\"font-size: 14px;\"> har varit verksam inom utbildningsomr\u00e5det i mer \u00e4n fyra decennier som l\u00e4rare, skolledare och pedagogisk utvecklare. Hon har en kandidatexamen fr\u00e5n Stockholms universitet, en masterexamen i Administration and Organization fr\u00e5n Oral Roberts University samt svensk statlig rektorsutbildning. Hon har l\u00e5ng erfarenhet av pedagogiskt ledarskap och undervisning, och undervisar vid STH i <\/span><em style=\"font-size: 14px;\">How To Teach More Effectively <\/em><span style=\"font-size: 14px;\">och<\/span><em style=\"font-size: 14px;\"> Brain-Based Learning.<\/em><\/p>\n<\/div>\n<\/div>\n<p>[\/et_pb_text][\/et_pb_column][\/et_pb_row][et_pb_row column_structure=&#8221;1_2,1_2&#8243; make_equal=&#8221;on&#8221; _builder_version=&#8221;4.20.4&#8243; _module_preset=&#8221;default&#8221; global_colors_info=&#8221;{}&#8221;][et_pb_column type=&#8221;1_2&#8243; _builder_version=&#8221;4.20.4&#8243; _module_preset=&#8221;default&#8221; background_color=&#8221;#004b64&#8243; global_colors_info=&#8221;{}&#8221;][et_pb_text _builder_version=&#8221;4.27.6&#8243; _module_preset=&#8221;default&#8221; text_font=&#8221;|700|||||||&#8221; text_text_color=&#8221;#FFFFFF&#8221; header_2_font=&#8221;Inter|700|||||||&#8221; header_2_text_color=&#8221;#FFFFFF&#8221; background_enable_color=&#8221;off&#8221; custom_padding=&#8221;30px|30px|30px|30px|true|true&#8221; global_colors_info=&#8221;{}&#8221;]<\/p>\n<p><strong>FRIST\u00c5ENDE KURS \u2013 Att undervisa mer effektivt. H\u00f6sten 2026<\/strong><\/p>\n<p>Den frist\u00e5ende kursen ges p\u00e5 25 procent under en termin och omfattar 6 p. Kursen \u00e4r utvecklad av professor Paul Burge, som utifr\u00e5n sin l\u00e5nga erfarenhet av undervisning har utformat en pedagogisk modell med tydlig struktur och progression. Kursen behandlar vad som k\u00e4nnetecknar effektiv undervisning, hur man kan bed\u00f6ma om verklig inl\u00e4rning har skett och vilka egenskaper som utm\u00e4rker effektiva pedagoger. F\u00f6r den som \u00f6nskar ges ocks\u00e5 m\u00f6jlighet att reflektera \u00f6ver undervisning utifr\u00e5n en kristen v\u00e4rdegrund.<\/p>\n<p>[\/et_pb_text][\/et_pb_column][et_pb_column type=&#8221;1_2&#8243; _builder_version=&#8221;4.20.4&#8243; _module_preset=&#8221;default&#8221; background_color=&#8221;#004b64&#8243; global_colors_info=&#8221;{}&#8221;][et_pb_text _builder_version=&#8221;4.27.6&#8243; _module_preset=&#8221;default&#8221; text_font=&#8221;|700|||||||&#8221; text_text_color=&#8221;#FFFFFF&#8221; header_2_font=&#8221;Inter|700|||||||&#8221; header_2_text_color=&#8221;#FFFFFF&#8221; background_enable_color=&#8221;off&#8221; custom_padding=&#8221;30px|30px|30px|30px|true|true&#8221; global_colors_info=&#8221;{}&#8221;]<\/p>\n<p><strong>F\u00d6REL\u00c4SNINGAR<\/strong><\/p>\n<p>Vi erbjuder \u00e4ven enstaka f\u00f6rel\u00e4sningar eller en serie av f\u00f6rel\u00e4sningar inom samma \u00e4mnesomr\u00e5de. Dessa kan med f\u00f6rdel ges exempelvis vid APT, kompetensutvecklingsdagar eller andra sammanhang p\u00e5 skolor och f\u00f6rskolor. F\u00f6rel\u00e4sningarna anpassas efter verksamhetens behov och kan fungera b\u00e5de som inspiration, fortbildning och ett konkret st\u00f6d i det pedagogiska arbetet.<\/p>\n<p>[\/et_pb_text][\/et_pb_column][\/et_pb_row][\/et_pb_section][et_pb_section fb_built=&#8221;1&#8243; module_class=&#8221;undersidor-lankboxar&#8221; _builder_version=&#8221;4.21.0&#8243; _module_preset=&#8221;default&#8221; da_disable_devices=&#8221;off|off|off&#8221; global_colors_info=&#8221;{}&#8221; da_is_popup=&#8221;off&#8221; da_exit_intent=&#8221;off&#8221; da_has_close=&#8221;on&#8221; da_alt_close=&#8221;off&#8221; da_dark_close=&#8221;off&#8221; da_not_modal=&#8221;on&#8221; da_is_singular=&#8221;off&#8221; da_with_loader=&#8221;off&#8221; da_has_shadow=&#8221;on&#8221;][\/et_pb_section][et_pb_section fb_built=&#8221;1&#8243; disabled_on=&#8221;on|on|on&#8221; module_class=&#8221;aktuell-media-sektion&#8221; _builder_version=&#8221;4.21.0&#8243; _module_preset=&#8221;default&#8221; use_background_color_gradient=&#8221;on&#8221; background_color_gradient_stops=&#8221;#e6e6e6 65%|#ffffff 65%&#8221; da_disable_devices=&#8221;off|off|off&#8221; disabled=&#8221;on&#8221; locked=&#8221;off&#8221; collapsed=&#8221;off&#8221; global_colors_info=&#8221;{}&#8221; da_is_popup=&#8221;off&#8221; da_exit_intent=&#8221;off&#8221; da_has_close=&#8221;on&#8221; da_alt_close=&#8221;off&#8221; da_dark_close=&#8221;off&#8221; da_not_modal=&#8221;on&#8221; da_is_singular=&#8221;off&#8221; da_with_loader=&#8221;off&#8221; da_has_shadow=&#8221;on&#8221;][et_pb_row _builder_version=&#8221;4.21.0&#8243; _module_preset=&#8221;default&#8221; global_colors_info=&#8221;{}&#8221;][et_pb_column type=&#8221;4_4&#8243; _builder_version=&#8221;4.21.0&#8243; _module_preset=&#8221;default&#8221; global_colors_info=&#8221;{}&#8221;][et_pb_text _builder_version=&#8221;4.27.4&#8243; _module_preset=&#8221;default&#8221; header_text_color=&#8221;#004b64&#8243; header_2_text_color=&#8221;#004b64&#8243; header_2_font_size=&#8221;30px&#8221; text_orientation=&#8221;center&#8221; link_option_url=&#8221;https:\/\/youtu.be\/ZQcsYO_gkPw&#8221; global_colors_info=&#8221;{}&#8221;]<\/p>\n<h2>Programf\u00f6rklaring f\u00f6r Pedagogiska fakulteten<\/h2>\n<p>[\/et_pb_text][\/et_pb_column][\/et_pb_row][et_pb_row column_structure=&#8221;1_2,1_2&#8243; use_custom_gutter=&#8221;on&#8221; gutter_width=&#8221;1&#8243; make_equal=&#8221;on&#8221; _builder_version=&#8221;4.21.0&#8243; _module_preset=&#8221;default&#8221; global_colors_info=&#8221;{}&#8221;][et_pb_column type=&#8221;1_2&#8243; _builder_version=&#8221;4.21.0&#8243; _module_preset=&#8221;default&#8221; box_shadow_style=&#8221;preset1&#8243; box_shadow_horizontal=&#8221;-25px&#8221; box_shadow_vertical=&#8221;-25px&#8221; box_shadow_blur=&#8221;20px&#8221; box_shadow_color=&#8221;rgba(0,0,0,0.22)&#8221; global_colors_info=&#8221;{}&#8221;][et_pb_video src=&#8221;https:\/\/youtu.be\/ZQcsYO_gkPw&#8221; image_src=&#8221;\/\/i.ytimg.com\/vi\/ZQcsYO_gkPw\/hqdefault.jpg&#8221; _builder_version=&#8221;4.27.3&#8243; _module_preset=&#8221;default&#8221; locked=&#8221;off&#8221; global_colors_info=&#8221;{}&#8221;][\/et_pb_video][\/et_pb_column][et_pb_column type=&#8221;1_2&#8243; _builder_version=&#8221;4.21.0&#8243; _module_preset=&#8221;default&#8221; background_color=&#8221;#FFFFFF&#8221; custom_padding=&#8221;30px|25px|30px|25px|true|true&#8221; global_colors_info=&#8221;{}&#8221;][et_pb_text _builder_version=&#8221;4.27.4&#8243; _module_preset=&#8221;default&#8221; global_colors_info=&#8221;{}&#8221;]<\/p>\n<h3>&#8220;Livet \u00e4r l\u00e4rande och l\u00e4rande \u00e4r livet&#8221;<\/h3>\n<p>Medicine doktor i fysiologi Anitha Risberg, studierektor f\u00f6r Pedagogiska fakulteten<\/p>\n<p>[\/et_pb_text][et_pb_button button_url=&#8221;https:\/\/www.youtube.com\/channel\/UC_mnHopUhkB1NOn0KwfXgsQ&#8221; button_text=&#8221;Youtube&#8221; button_alignment=&#8221;center&#8221; _builder_version=&#8221;4.27.0&#8243; _module_preset=&#8221;default&#8221; custom_button=&#8221;on&#8221; button_text_color=&#8221;#FFFFFF&#8221; button_bg_color=&#8221;#da5954&#8243; button_border_color=&#8221;#da5954&#8243; background_layout=&#8221;dark&#8221; global_colors_info=&#8221;{}&#8221;][\/et_pb_button][\/et_pb_column][\/et_pb_row][\/et_pb_section][et_pb_section fb_built=&#8221;1&#8243; module_class=&#8221;top-slider-info&#8221; _builder_version=&#8221;4.27.4&#8243; _module_preset=&#8221;default&#8221; custom_padding=&#8221;0px||0px|||&#8221; da_disable_devices=&#8221;off|off|off&#8221; locked=&#8221;off&#8221; global_colors_info=&#8221;{}&#8221; da_is_popup=&#8221;off&#8221; da_exit_intent=&#8221;off&#8221; da_has_close=&#8221;on&#8221; da_alt_close=&#8221;off&#8221; da_dark_close=&#8221;off&#8221; da_not_modal=&#8221;on&#8221; da_is_singular=&#8221;off&#8221; da_with_loader=&#8221;off&#8221; da_has_shadow=&#8221;on&#8221;][et_pb_row disabled_on=&#8221;on|on|on&#8221; _builder_version=&#8221;4.21.0&#8243; _module_preset=&#8221;default&#8221; width=&#8221;100%&#8221; max_width=&#8221;100%&#8221; custom_padding=&#8221;0px||0px|||&#8221; disabled=&#8221;on&#8221; global_colors_info=&#8221;{}&#8221;][et_pb_column type=&#8221;4_4&#8243; _builder_version=&#8221;4.21.0&#8243; _module_preset=&#8221;default&#8221; global_colors_info=&#8221;{}&#8221;][et_pb_slider _builder_version=&#8221;4.27.4&#8243; _module_preset=&#8221;default&#8221; header_font=&#8221;Raleway|900|||||||&#8221; header_text_color=&#8221;#000000&#8243; background_enable_color=&#8221;off&#8221; use_background_color_gradient=&#8221;on&#8221; background_color_gradient_stops=&#8221;rgba(0,0,0,0.61) 0%|rgba(0,0,0,0.28) 100%&#8221; background_color_gradient_overlays_image=&#8221;on&#8221; min_height=&#8221;1084px&#8221; custom_padding=&#8221;||105px|||&#8221; custom_css_free_form=&#8221;selector .et_pb_slide_content {||    max-width: 1200px;||    margin: auto;||}||||selector h2 {||  font-size: 55px;||}&#8221; global_colors_info=&#8221;{}&#8221;][et_pb_slide heading=&#8221;Popul\u00e4ra kurser&#8221; button_text=&#8221;Mer info&#8221; button_link=&#8221;https:\/\/www.teol.se\/kursplan\/introduktion-till-nya-testamentet\/&#8221; _builder_version=&#8221;4.27.4&#8243; _module_preset=&#8221;default&#8221; header_level=&#8221;h1&#8243; header_font=&#8221;Raleway|900|||||||&#8221; header_text_color=&#8221;#FFFFFF&#8221; header_font_size=&#8221;22px&#8221; background_enable_color=&#8221;off&#8221; background_image=&#8221;https:\/\/www.teol.se\/wp-content\/uploads\/2025\/02\/VGcertbeskuren.jpg&#8221; background_enable_image=&#8221;on&#8221; background_position=&#8221;top_center&#8221; custom_button=&#8221;on&#8221; button_text_color=&#8221;#f7c787&#8243; button_bg_color=&#8221;RGBA(255,255,255,0)&#8221; button_border_width=&#8221;3px&#8221; button_border_color=&#8221;#f7c787&#8243; button_use_icon=&#8221;on&#8221; button_icon=&#8221;&#xf105;||fa||900&#8243; button_on_hover=&#8221;off&#8221; global_colors_info=&#8221;{}&#8221; sticky_transition=&#8221;on&#8221;]<\/p>\n<h2>V\u00e4rdegrundscertifiering &#8211; grundstenar f\u00f6r livet<\/h2>\n<p>ger verktyg f\u00f6r l\u00e4rare och annan skolpersonal att arbeta med, och h\u00e5lla v\u00e4rdegrunden levande<\/p>\n<p>[\/et_pb_slide][et_pb_slide heading=&#8221;Popul\u00e4ra kurser&#8221; button_text=&#8221;Mer info&#8221; button_link=&#8221;https:\/\/www.teol.se\/kursplan\/vardegrund-och-idehistoria\/&#8221; _builder_version=&#8221;4.27.4&#8243; _module_preset=&#8221;default&#8221; header_level=&#8221;h4&#8243; header_font=&#8221;Raleway|900|||||||&#8221; header_text_color=&#8221;#FFFFFF&#8221; header_font_size=&#8221;20px&#8221; background_enable_color=&#8221;off&#8221; background_image=&#8221;https:\/\/www.teol.se\/wp-content\/uploads\/2024\/11\/TA-IdehistoriaSlide.jpg&#8221; background_enable_image=&#8221;on&#8221; background_position=&#8221;top_center&#8221; custom_button=&#8221;on&#8221; button_text_color=&#8221;#f7c787&#8243; button_bg_color=&#8221;RGBA(255,255,255,0)&#8221; button_border_width=&#8221;3px&#8221; button_border_color=&#8221;#f7c787&#8243; button_use_icon=&#8221;on&#8221; button_icon=&#8221;&#xf105;||fa||900&#8243; button_on_hover=&#8221;off&#8221; global_colors_info=&#8221;{}&#8221; sticky_transition=&#8221;on&#8221;]<\/p>\n<h2>V\u00e4rdegrund och id\u00e9historia<\/h2>\n<p>med professor Torbj\u00f6rn Aronson. F\u00f6rst\u00e5 din kultur och ditt samh\u00e4lle i ett kristet perspektiv! Grundl\u00e4ggande kultur- och id\u00e9historisk \u00f6versikt fr\u00e5n Mellan\u00f6sterns tidiga h\u00f6gkulturer och den v\u00e4sterl\u00e4ndska kulturens olika epoker fram till dagens postmoderna kultur.<\/p>\n<p>[\/et_pb_slide][\/et_pb_slider][\/et_pb_column][\/et_pb_row][\/et_pb_section][et_pb_section fb_built=&#8221;1&#8243; _builder_version=&#8221;4.20.4&#8243; _module_preset=&#8221;default&#8221; background_color=&#8221;#004b64&#8243; min_height=&#8221;44px&#8221; custom_margin=&#8221;||0px||false|false&#8221; custom_padding=&#8221;0px||2px||false|false&#8221; da_disable_devices=&#8221;off|off|off&#8221; global_colors_info=&#8221;{}&#8221; da_is_popup=&#8221;off&#8221; da_exit_intent=&#8221;off&#8221; da_has_close=&#8221;on&#8221; da_alt_close=&#8221;off&#8221; da_dark_close=&#8221;off&#8221; da_not_modal=&#8221;on&#8221; da_is_singular=&#8221;off&#8221; da_with_loader=&#8221;off&#8221; da_has_shadow=&#8221;on&#8221;][\/et_pb_section]<\/p>\n","protected":false},"excerpt":{"rendered":"<p>Studiedag och frist\u00e5ende kurs: Att undervisa mer effektivt &#8211; How To Teach More Effectively Helena Virs\u00e9n, master i Administration and Organization Studiedag Att undervisa mer effektivt Hur skapar vi undervisning [&hellip;]<\/p>\n","protected":false},"author":2,"featured_media":0,"parent":0,"menu_order":0,"comment_status":"closed","ping_status":"closed","template":"","meta":{"_acf_changed":false,"_et_pb_use_builder":"on","_et_pb_old_content":"","_et_gb_content_width":"","footnotes":""},"class_list":["post-13131","page","type-page","status-publish","hentry"],"acf":[],"_links":{"self":[{"href":"https:\/\/www.teol.se\/en\/wp-json\/wp\/v2\/pages\/13131","targetHints":{"allow":["GET"]}}],"collection":[{"href":"https:\/\/www.teol.se\/en\/wp-json\/wp\/v2\/pages"}],"about":[{"href":"https:\/\/www.teol.se\/en\/wp-json\/wp\/v2\/types\/page"}],"author":[{"embeddable":true,"href":"https:\/\/www.teol.se\/en\/wp-json\/wp\/v2\/users\/2"}],"replies":[{"embeddable":true,"href":"https:\/\/www.teol.se\/en\/wp-json\/wp\/v2\/comments?post=13131"}],"version-history":[{"count":19,"href":"https:\/\/www.teol.se\/en\/wp-json\/wp\/v2\/pages\/13131\/revisions"}],"predecessor-version":[{"id":13651,"href":"https:\/\/www.teol.se\/en\/wp-json\/wp\/v2\/pages\/13131\/revisions\/13651"}],"wp:attachment":[{"href":"https:\/\/www.teol.se\/en\/wp-json\/wp\/v2\/media?parent=13131"}],"curies":[{"name":"wp","href":"https:\/\/api.w.org\/{rel}","templated":true}]}}