{"id":12360,"date":"2025-09-25T17:01:10","date_gmt":"2025-09-25T15:01:10","guid":{"rendered":"https:\/\/www.teol.se\/?page_id=12360"},"modified":"2025-09-25T17:01:42","modified_gmt":"2025-09-25T15:01:42","slug":"adult-education-4","status":"publish","type":"page","link":"https:\/\/www.teol.se\/en\/adult-education-4\/","title":{"rendered":"Adult Education"},"content":{"rendered":"<p>[et_pb_section fb_built=&#8221;1&#8243; module_class=&#8221;top-slider-info&#8221; _builder_version=&#8221;4.27.0&#8243; _module_preset=&#8221;default&#8221; custom_padding=&#8221;0px||0px|||&#8221; da_disable_devices=&#8221;off|off|off&#8221; locked=&#8221;off&#8221; global_colors_info=&#8221;{}&#8221; da_is_popup=&#8221;off&#8221; da_exit_intent=&#8221;off&#8221; da_has_close=&#8221;on&#8221; da_alt_close=&#8221;off&#8221; da_dark_close=&#8221;off&#8221; da_not_modal=&#8221;on&#8221; da_is_singular=&#8221;off&#8221; da_with_loader=&#8221;off&#8221; da_has_shadow=&#8221;on&#8221;][et_pb_row _builder_version=&#8221;4.27.4&#8243; _module_preset=&#8221;default&#8221; width=&#8221;100%&#8221; max_width=&#8221;100%&#8221; custom_padding=&#8221;0px||0px|||&#8221; global_colors_info=&#8221;{}&#8221;][et_pb_column type=&#8221;4_4&#8243; _builder_version=&#8221;4.27.4&#8243; _module_preset=&#8221;default&#8221; global_colors_info=&#8221;{}&#8221;][et_pb_slider _builder_version=&#8221;4.27.4&#8243; _module_preset=&#8221;default&#8221; background_enable_color=&#8221;off&#8221; use_background_color_gradient=&#8221;on&#8221; background_color_gradient_stops=&#8221;rgba(0,0,0,0.61) 0%|rgba(0,0,0,0.28) 100%&#8221; background_color_gradient_overlays_image=&#8221;on&#8221; background_enable_image=&#8221;off&#8221; background_enable_video_mp4=&#8221;off&#8221; min_height=&#8221;1044px&#8221; auto=&#8221;on&#8221; auto_speed=&#8221;4000&#8243; custom_css_free_form=&#8221;selector .et_pb_slide_content {||    max-width: 800px;||    margin: auto;||||}&#8221; global_colors_info=&#8221;{}&#8221;][et_pb_slide button_text=&#8221;@ET-DC@eyJkeW5hbWljIjp0cnVlLCJjb250ZW50IjoicG9zdF9saW5rIiwic2V0dGluZ3MiOnsiYmVmb3JlIjoiIiwiYWZ0ZXIiOiIiLCJ0ZXh0IjoicG9zdF90aXRsZSIsImN1c3RvbV90ZXh0IjoiIn19@&#8221; button_link=&#8221;https:\/\/www.teol.se\/en\/application-form-6\/&#8221; _builder_version=&#8221;4.27.4&#8243; _dynamic_attributes=&#8221;button_text&#8221; _module_preset=&#8221;default&#8221; header_level=&#8221;h4&#8243; header_font=&#8221;|600|||||||&#8221; header_text_color=&#8221;#FFFFFF&#8221; header_font_size=&#8221;20px&#8221; background_enable_color=&#8221;off&#8221; background_image=&#8221;https:\/\/www.teol.se\/wp-content\/uploads\/2025\/09\/Israelandflag-scaled.jpg&#8221; background_enable_image=&#8221;on&#8221; background_enable_video_mp4=&#8221;off&#8221; background_enable_video_webm=&#8221;off&#8221; custom_button=&#8221;on&#8221; button_text_color=&#8221;#FFFFFF&#8221; button_bg_color=&#8221;#d85045&#8243; button_border_width=&#8221;3px&#8221; button_border_color=&#8221;#d85045&#8243; button_use_icon=&#8221;on&#8221; button_icon=&#8221;&#xf105;||fa||900&#8243; button_on_hover=&#8221;off&#8221; global_colors_info=&#8221;{}&#8221; sticky_transition=&#8221;on&#8221;]<\/p>\n<h3><strong>Studieresa till Israel:<\/strong><\/h3>\n<h1>&#8220;L\u00e4r k\u00e4nna Jesu land &#8211; ett m\u00f6te med det historiska och moderna Israel&#8221;<\/h1>\n<p><strong><\/strong><\/p>\n<p><strong>Reseledare: G\u00f6ran Lennartsson<\/strong><\/p>\n<p>[\/et_pb_slide][\/et_pb_slider][\/et_pb_column][\/et_pb_row][\/et_pb_section][et_pb_section fb_built=&#8221;1&#8243; _builder_version=&#8221;4.27.4&#8243; _module_preset=&#8221;default&#8221; da_disable_devices=&#8221;off|off|off&#8221; locked=&#8221;off&#8221; global_colors_info=&#8221;{}&#8221; da_is_popup=&#8221;off&#8221; da_exit_intent=&#8221;off&#8221; da_has_close=&#8221;on&#8221; da_alt_close=&#8221;off&#8221; da_dark_close=&#8221;off&#8221; da_not_modal=&#8221;on&#8221; da_is_singular=&#8221;off&#8221; da_with_loader=&#8221;off&#8221; da_has_shadow=&#8221;on&#8221;][et_pb_row custom_padding_last_edited=&#8221;on|phone&#8221; _builder_version=&#8221;4.27.4&#8243; _module_preset=&#8221;default&#8221; custom_margin=&#8221;||||false|false&#8221; custom_padding=&#8221;0px|150px|0px|150px|false|true&#8221; custom_padding_tablet=&#8221;|0px||0px|false|true&#8221; custom_padding_phone=&#8221;|0px||0px|false|true&#8221; global_colors_info=&#8221;{}&#8221;][et_pb_column type=&#8221;4_4&#8243; _builder_version=&#8221;4.27.4&#8243; _module_preset=&#8221;default&#8221; global_colors_info=&#8221;{}&#8221;][et_pb_text _builder_version=&#8221;4.27.4&#8243; _module_preset=&#8221;default&#8221; header_3_font=&#8221;Inter|700|||||||&#8221; header_3_font_size=&#8221;16px&#8221; header_4_font=&#8221;Inter|700|||||||&#8221; global_colors_info=&#8221;{}&#8221;]<\/p>\n<div class=\"row \">\n<div class=\"wpv-grid grid-1-1  wpv-first-level first unextended\" id=\"wpv-column-7527fabcdecb12cec0d3774be8392a12\">\n<h3><strong>Studieresa till Israel 26 feb \u2013 8 mars<\/strong><\/h3>\n<p>Under v\u00e5rterminen 2026 erbjuder STH:s Institut f\u00f6r judiska studier och f\u00f6reningen Shalom en studieresa till Israel, d\u00e4r du f\u00e5r l\u00e4ra k\u00e4nna b\u00e5de det moderna och det historiska Israel p\u00e5 ett djupare s\u00e4tt.<span>\u00a0<\/span><em>Studieresa till Israel (12 p)<\/em><span>\u00a0<\/span>\u00e4r en studieresa inom ramen f\u00f6r en kurs inom judaistik.<\/p>\n<p>M\u00f6ten med m\u00e4nniskor och olika milj\u00f6er under resan ger en \u00f6kad k\u00e4nnedom om kulturen och religi\u00f6sa och politiska olikheter i dagens israeliska samh\u00e4lle. F\u00f6rstahandserfarenhet av kristna och judiska f\u00f6retr\u00e4dare \u00e4r en ov\u00e4rderlig erfarenhet, och bekantskapen med kristna, judiska och muslimska milj\u00f6er. F\u00f6lj med oss p\u00e5 denna sp\u00e4nnande och l\u00e4rorika resa!<\/p>\n<p>Studieresan \u00e4r ambiti\u00f6st upplagd men det \u00e4r m\u00f6jligt att delta i resan utan att ta kursen i judaistik.<\/p>\n<p><strong><img loading=\"lazy\" decoding=\"async\" src=\"https:\/\/www.teol.se\/wp-content\/uploads\/2025\/09\/admin-ajax1-150x150.png\" width=\"150\" height=\"150\" alt=\"\" class=\"wp-image-12290 alignleft size-thumbnail\" srcset=\"https:\/\/www.teol.se\/wp-content\/uploads\/2025\/09\/admin-ajax1-150x150.png 150w, https:\/\/www.teol.se\/wp-content\/uploads\/2025\/09\/admin-ajax1-300x300.png 300w, https:\/\/www.teol.se\/wp-content\/uploads\/2025\/09\/admin-ajax1.png 400w\" sizes=\"(max-width: 150px) 100vw, 150px\" \/><\/strong><strong>Datum: <\/strong>26 februari &#8211; 8 mars, 2026.<br \/><strong>Kostnad: <\/strong>ca 25 000 kr.<br \/><strong>Reseledare: <\/strong>G\u00f6ran Lennartsson, teologie doktor och tidigare bosatt i Israel.<\/p>\n<p><strong>Anm\u00e4l ditt intresse idag!<\/strong><\/p>\n<p><strong><\/strong><\/p>\n<p><strong><\/strong><\/p>\n<p><strong><\/strong><\/p>\n<h3><strong><\/strong><\/h3>\n<p><strong>Dagsuppl\u00e4gg<\/strong><br \/>Fr. 06.30\u00a0\u00a0\u00a0\u00a0\u00a0\u00a0 Frukost<br \/>08.00 \u00a0\u00a0\u00a0\u00a0\u00a0\u00a0\u00a0\u00a0\u00a0\u00a0 Avf\u00e4rd<br \/>Program<br \/>19.00 \u00a0\u00a0\u00a0\u00a0\u00a0\u00a0\u00a0\u00a0\u00a0\u00a0 Middag<br \/>20.00 \u00a0\u00a0\u00a0\u00a0\u00a0\u00a0\u00a0\u00a0\u00a0\u00a0 Kv\u00e4llssamling<\/p>\n<h3><strong><\/strong><\/h3>\n<h3><strong>Program f\u00f6r resan<\/strong><\/h3>\n<p><strong>S\u00f6 \u00a0\u00a0\u00a0\u00a0\u00a0\u00a0\u00a0\u00a0\u00a0\u00a0\u00a0\u00a0\u00a0\u00a0\u00a0\u00a0 Resdag <\/strong><br \/>Direktflyg till Tel Aviv fr\u00e5n Arlanda. Bes\u00f6k p\u00e5 Israel College of the Bible.<br \/>Incheckning p\u00e5 Karei Deshe vid Gennesarets norra strand mellan Kapernaum och Tiberias. H\u00e4r bor vi tre n\u00e4tter. M\u00f6jlighet till ett morgondopp i Gennesaret f\u00f6re frukost!<\/p>\n<p><strong>M\u00e5\u00a0\u00a0\u00a0\u00a0\u00a0\u00a0\u00a0\u00a0\u00a0\u00a0\u00a0\u00a0\u00a0\u00a0\u00a0 Dag 2 <\/strong><br \/>Med buss till Nasaret och Nazareth Village som \u00e4r en arkeologisk park som \u00e5sk\u00e5dligg\u00f6r livet i Galileen p\u00e5 Jesu tid.<br \/>&#8211; Bes\u00f6k i Beb\u00e5delsekyrkan och d\u00e4refter lunch.<br \/>&#8211; M\u00f6te med professor Faydra Shapiro, p\u00e5 the International Mary of Nazareth Center f\u00f6redrag om relationen kristna \u2013 judar.<\/p>\n<p><strong>Ti\u00a0\u00a0\u00a0\u00a0\u00a0\u00a0\u00a0\u00a0\u00a0\u00a0\u00a0\u00a0\u00a0\u00a0\u00a0\u00a0\u00a0 Dag 3 <\/strong><br \/>Bussen tar oss till toppen av Arbelberget ovanf\u00f6r Tiberias.<br \/>&#8211; Vi fotvandrar i Arbel National Park och njuter av den storslagna naturen och scenerierna \u00f6ver Gennesaret. Vandring avslutas i Duvdalen d\u00e4r den stora karavanv\u00e4gen passerade p\u00e5 Jesu tid.<br \/>&#8211; Synagogan i Magdala fr\u00e5n Jesus tid &#8211; Magdala Visitor Center med synagoga fr\u00e5n Jesu tid.<br \/>&#8211; Efter lunch bes\u00f6ker vi Kafarnaum och l\u00e4mningarna fr\u00e5n tidig judisk-kristen samlingsplats.<br \/>&#8211; Om fiskeri p\u00e5 Jesu tid (Kibbutz EnGev) <span>och d\u00e4refter <\/span>b\u00e5ttur p\u00e5 Galileiska sj\u00f6n<\/p>\n<p><strong>Ons \u00a0\u00a0\u00a0\u00a0\u00a0\u00a0\u00a0\u00a0\u00a0\u00a0\u00a0\u00a0\u00a0 Dag 4<\/strong><br \/>Morgonsamling p\u00e5 sluttningen mot Gennesarets sj\u00f6.<br \/>Bussresa genom Jordandalen med stopp vid Jesu dopplats i Jordan n\u00e4ra Jeriko.<br \/>Lunch i Qumran.<br \/>Bad i D\u00f6da havet.<br \/>\u00d6vernattning i Ein Gedi Youth Hostel.<\/p>\n<p><strong>To \u00a0\u00a0\u00a0\u00a0\u00a0\u00a0\u00a0\u00a0\u00a0\u00a0\u00a0\u00a0\u00a0\u00a0\u00a0 Dag 5<\/strong><br \/>Bestigning av f\u00e4stningen Masada<br \/>Busstur genom Juda \u00f6ken.<br \/>Ankomst till Jerusalem och vandring fr\u00e5n Olivberget till Kidrondalen innan<br \/>vi checkar in i Jerusalem.<\/p>\n<p><strong>Fr\u00a0\u00a0\u00a0\u00a0\u00a0\u00a0\u00a0\u00a0\u00a0\u00a0\u00a0\u00a0\u00a0\u00a0\u00a0\u00a0\u00a0 Dag 6<\/strong><br \/>Utgr\u00e4vningarna City of David. Platsen f\u00f6r Davids palats, m\u00f6jlighet att vandra Hiskias Tunnel. Murverk fr\u00e5n kananeisk, Jesajas och Nehemjas tid.<br \/>Siloadammen.<br \/>Arkeologisk park vid templets s\u00f6dra mur: Davidson Center.<br \/>M\u00f6ta sabbaten vid V\u00e4stra muren.<\/p>\n<p><strong>L\u00f6 \u00a0\u00a0\u00a0\u00a0\u00a0\u00a0\u00a0\u00a0\u00a0\u00a0\u00a0\u00a0\u00a0\u00a0\u00a0\u00a0 Dag 7\u00a0 Sabbat<\/strong><br \/>Bes\u00f6k i synagogans morgongudstj\u00e4nst.<br \/>Bes\u00f6k i messianska f\u00f6rsamlingar.<br \/>Vandra i Jerusalems Gamla stad. Gravkyrkan. Esseerporten d\u00e4r Jesus m\u00f6ter Pilatus.<br \/>Fika p\u00e5 Ben Jehuda efter sabbatens slut.<\/p>\n<p><strong>S\u00f6\u00a0\u00a0\u00a0\u00a0\u00a0\u00a0\u00a0\u00a0\u00a0\u00a0\u00a0\u00a0\u00a0\u00a0\u00a0\u00a0\u00a0 Dag 8 \u00a0S\u00f6ndag<\/strong><br \/>Avf\u00e4rd till Betlehem.<br \/>M\u00f6te med Pastor Nihad i Immanuel Church Bethlehem.<br \/>Gudstj\u00e4nst i palestinsk evangelisk-karismatisk f\u00f6rsamling.<br \/>Arabisk lunch.<br \/>F\u00f6delsekyrkan i Betlehem.<br \/>F\u00f6rintelsemuseet Yad Vashem.<\/p>\n<p><strong>M\u00e5\u00a0\u00a0\u00a0\u00a0\u00a0\u00a0\u00a0\u00a0\u00a0\u00a0\u00a0\u00a0\u00a0\u00a0\u00a0 Dag 9 <\/strong><br \/>Tidigt bes\u00f6k p\u00e5 tempelplatsen.<br \/>Vi \u00e4r med om Bar-Mitzwa vid V\u00e4stra muren<br \/>Tempelinstitutet, med f\u00f6rem\u00e5l till Jerusalems tempel.<br \/>Museet, The Burnt house som visar l\u00e4mningar av ett \u00f6vestepr\u00e4sthem som<br \/>grusades vid Jerusalems f\u00f6rst\u00f6ring \u00e5r 70.<br \/>Sionsberget.<\/p>\n<p><strong>Ti\u00a0\u00a0\u00a0\u00a0\u00a0\u00a0\u00a0\u00a0\u00a0\u00a0\u00a0\u00a0\u00a0\u00a0\u00a0\u00a0\u00a0 Dag 10\u00a0\u00a0\u00a0\u00a0\u00a0\u00a0\u00a0\u00a0 <\/strong><br \/>Dag av f\u00f6rel\u00e4sningar och m\u00f6ten<br \/>David Nekrutman i den rabbinska milj\u00f6n.<br \/>Bibels\u00e4llskapet.<br \/>One for Israel.<br \/>Wayne Hilsden ledare f\u00f6r King of Kings Miniseries.<\/p>\n<p><strong>Ons\u00a0 \u00a0\u00a0\u00a0\u00a0\u00a0\u00a0\u00a0\u00a0\u00a0\u00a0\u00a0\u00a0 Dag 11\u00a0\u00a0\u00a0\u00a0\u00a0\u00a0\u00a0\u00a0 <\/strong><br \/>Tr\u00e4dg\u00e5rdsgraven med nattvardsfirande<br \/>Jerusalem p\u00e5 egen hand.<\/p>\n<p><strong>To \u00a0\u00a0\u00a0\u00a0\u00a0\u00a0\u00a0\u00a0\u00a0\u00a0\u00a0\u00a0\u00a0\u00a0\u00a0 Dag 12 Hemresedag <\/strong><\/p>\n<\/div>\n<\/div>\n<p>[\/et_pb_text][\/et_pb_column][\/et_pb_row][\/et_pb_section][et_pb_section fb_built=&#8221;1&#8243; disabled_on=&#8221;on|on|on&#8221; module_class=&#8221;aktuell-media-sektion&#8221; _builder_version=&#8221;4.21.0&#8243; _module_preset=&#8221;default&#8221; use_background_color_gradient=&#8221;on&#8221; background_color_gradient_stops=&#8221;#e6e6e6 65%|#ffffff 65%&#8221; da_disable_devices=&#8221;off|off|off&#8221; disabled=&#8221;on&#8221; locked=&#8221;off&#8221; global_colors_info=&#8221;{}&#8221; da_is_popup=&#8221;off&#8221; da_exit_intent=&#8221;off&#8221; da_has_close=&#8221;on&#8221; da_alt_close=&#8221;off&#8221; da_dark_close=&#8221;off&#8221; da_not_modal=&#8221;on&#8221; da_is_singular=&#8221;off&#8221; da_with_loader=&#8221;off&#8221; da_has_shadow=&#8221;on&#8221;][et_pb_row _builder_version=&#8221;4.21.0&#8243; _module_preset=&#8221;default&#8221; global_colors_info=&#8221;{}&#8221;][et_pb_column type=&#8221;4_4&#8243; _builder_version=&#8221;4.21.0&#8243; _module_preset=&#8221;default&#8221; global_colors_info=&#8221;{}&#8221;][et_pb_text _builder_version=&#8221;4.27.4&#8243; _module_preset=&#8221;default&#8221; header_text_color=&#8221;#004b64&#8243; header_2_text_color=&#8221;#004b64&#8243; header_2_font_size=&#8221;30px&#8221; text_orientation=&#8221;center&#8221; link_option_url=&#8221;https:\/\/youtu.be\/ZQcsYO_gkPw&#8221; global_colors_info=&#8221;{}&#8221;]<\/p>\n<h2>Programf\u00f6rklaring f\u00f6r Pedagogiska fakulteten<\/h2>\n<p>[\/et_pb_text][\/et_pb_column][\/et_pb_row][et_pb_row column_structure=&#8221;1_2,1_2&#8243; use_custom_gutter=&#8221;on&#8221; gutter_width=&#8221;1&#8243; make_equal=&#8221;on&#8221; _builder_version=&#8221;4.21.0&#8243; _module_preset=&#8221;default&#8221; global_colors_info=&#8221;{}&#8221;][et_pb_column type=&#8221;1_2&#8243; _builder_version=&#8221;4.21.0&#8243; _module_preset=&#8221;default&#8221; box_shadow_style=&#8221;preset1&#8243; box_shadow_horizontal=&#8221;-25px&#8221; box_shadow_vertical=&#8221;-25px&#8221; box_shadow_blur=&#8221;20px&#8221; box_shadow_color=&#8221;rgba(0,0,0,0.22)&#8221; global_colors_info=&#8221;{}&#8221;][et_pb_video src=&#8221;https:\/\/youtu.be\/ZQcsYO_gkPw&#8221; image_src=&#8221;\/\/i.ytimg.com\/vi\/ZQcsYO_gkPw\/hqdefault.jpg&#8221; _builder_version=&#8221;4.27.3&#8243; _module_preset=&#8221;default&#8221; locked=&#8221;off&#8221; global_colors_info=&#8221;{}&#8221;][\/et_pb_video][\/et_pb_column][et_pb_column type=&#8221;1_2&#8243; _builder_version=&#8221;4.21.0&#8243; _module_preset=&#8221;default&#8221; background_color=&#8221;#FFFFFF&#8221; custom_padding=&#8221;30px|25px|30px|25px|true|true&#8221; global_colors_info=&#8221;{}&#8221;][et_pb_text _builder_version=&#8221;4.27.4&#8243; _module_preset=&#8221;default&#8221; global_colors_info=&#8221;{}&#8221;]<\/p>\n<h3>&#8220;Livet \u00e4r l\u00e4rande och l\u00e4rande \u00e4r livet&#8221;<\/h3>\n<p>Medicine doktor i fysiologi Anitha Risberg, studierektor f\u00f6r Pedagogiska fakulteten<\/p>\n<p>[\/et_pb_text][et_pb_button button_url=&#8221;https:\/\/www.youtube.com\/channel\/UC_mnHopUhkB1NOn0KwfXgsQ&#8221; button_text=&#8221;Youtube&#8221; button_alignment=&#8221;center&#8221; _builder_version=&#8221;4.27.0&#8243; _module_preset=&#8221;default&#8221; custom_button=&#8221;on&#8221; button_text_color=&#8221;#FFFFFF&#8221; button_bg_color=&#8221;#da5954&#8243; button_border_color=&#8221;#da5954&#8243; background_layout=&#8221;dark&#8221; global_colors_info=&#8221;{}&#8221;][\/et_pb_button][\/et_pb_column][\/et_pb_row][\/et_pb_section][et_pb_section fb_built=&#8221;1&#8243; module_class=&#8221;top-slider-info&#8221; _builder_version=&#8221;4.27.4&#8243; _module_preset=&#8221;default&#8221; custom_padding=&#8221;0px||0px|||&#8221; da_disable_devices=&#8221;off|off|off&#8221; locked=&#8221;off&#8221; global_colors_info=&#8221;{}&#8221; da_is_popup=&#8221;off&#8221; da_exit_intent=&#8221;off&#8221; da_has_close=&#8221;on&#8221; da_alt_close=&#8221;off&#8221; da_dark_close=&#8221;off&#8221; da_not_modal=&#8221;on&#8221; da_is_singular=&#8221;off&#8221; da_with_loader=&#8221;off&#8221; da_has_shadow=&#8221;on&#8221;][et_pb_row disabled_on=&#8221;on|on|on&#8221; _builder_version=&#8221;4.21.0&#8243; _module_preset=&#8221;default&#8221; width=&#8221;100%&#8221; max_width=&#8221;100%&#8221; custom_padding=&#8221;0px||0px|||&#8221; disabled=&#8221;on&#8221; global_colors_info=&#8221;{}&#8221;][et_pb_column type=&#8221;4_4&#8243; _builder_version=&#8221;4.21.0&#8243; _module_preset=&#8221;default&#8221; global_colors_info=&#8221;{}&#8221;][et_pb_slider _builder_version=&#8221;4.27.4&#8243; _module_preset=&#8221;default&#8221; header_font=&#8221;Raleway|900|||||||&#8221; header_text_color=&#8221;#000000&#8243; background_enable_color=&#8221;off&#8221; use_background_color_gradient=&#8221;on&#8221; background_color_gradient_stops=&#8221;rgba(0,0,0,0.61) 0%|rgba(0,0,0,0.28) 100%&#8221; background_color_gradient_overlays_image=&#8221;on&#8221; min_height=&#8221;1084px&#8221; custom_padding=&#8221;||105px|||&#8221; custom_css_free_form=&#8221;selector .et_pb_slide_content {||    max-width: 1200px;||    margin: auto;||}||||selector h2 {||  font-size: 55px;||}&#8221; global_colors_info=&#8221;{}&#8221;][et_pb_slide heading=&#8221;Popul\u00e4ra kurser&#8221; button_text=&#8221;Mer info&#8221; button_link=&#8221;https:\/\/www.teol.se\/kursplan\/introduktion-till-nya-testamentet\/&#8221; _builder_version=&#8221;4.27.4&#8243; _module_preset=&#8221;default&#8221; header_level=&#8221;h1&#8243; header_font=&#8221;Raleway|900|||||||&#8221; header_text_color=&#8221;#FFFFFF&#8221; header_font_size=&#8221;22px&#8221; background_enable_color=&#8221;off&#8221; background_image=&#8221;https:\/\/www.teol.se\/wp-content\/uploads\/2025\/02\/VGcertbeskuren.jpg&#8221; background_enable_image=&#8221;on&#8221; background_position=&#8221;top_center&#8221; custom_button=&#8221;on&#8221; button_text_color=&#8221;#f7c787&#8243; button_bg_color=&#8221;RGBA(255,255,255,0)&#8221; button_border_width=&#8221;3px&#8221; button_border_color=&#8221;#f7c787&#8243; button_use_icon=&#8221;on&#8221; button_icon=&#8221;&#xf105;||fa||900&#8243; button_on_hover=&#8221;off&#8221; global_colors_info=&#8221;{}&#8221; sticky_transition=&#8221;on&#8221;]<\/p>\n<h2>V\u00e4rdegrundscertifiering &#8211; grundstenar f\u00f6r livet<\/h2>\n<p>ger verktyg f\u00f6r l\u00e4rare och annan skolpersonal att arbeta med, och h\u00e5lla v\u00e4rdegrunden levande<\/p>\n<p>[\/et_pb_slide][et_pb_slide heading=&#8221;Popul\u00e4ra kurser&#8221; button_text=&#8221;Mer info&#8221; button_link=&#8221;https:\/\/www.teol.se\/kursplan\/vardegrund-och-idehistoria\/&#8221; _builder_version=&#8221;4.27.4&#8243; _module_preset=&#8221;default&#8221; header_level=&#8221;h4&#8243; header_font=&#8221;Raleway|900|||||||&#8221; header_text_color=&#8221;#FFFFFF&#8221; header_font_size=&#8221;20px&#8221; background_enable_color=&#8221;off&#8221; background_image=&#8221;https:\/\/www.teol.se\/wp-content\/uploads\/2024\/11\/TA-IdehistoriaSlide.jpg&#8221; background_enable_image=&#8221;on&#8221; background_position=&#8221;top_center&#8221; custom_button=&#8221;on&#8221; button_text_color=&#8221;#f7c787&#8243; button_bg_color=&#8221;RGBA(255,255,255,0)&#8221; button_border_width=&#8221;3px&#8221; button_border_color=&#8221;#f7c787&#8243; button_use_icon=&#8221;on&#8221; button_icon=&#8221;&#xf105;||fa||900&#8243; button_on_hover=&#8221;off&#8221; global_colors_info=&#8221;{}&#8221; sticky_transition=&#8221;on&#8221;]<\/p>\n<h2>V\u00e4rdegrund och id\u00e9historia<\/h2>\n<p>med professor Torbj\u00f6rn Aronson. F\u00f6rst\u00e5 din kultur och ditt samh\u00e4lle i ett kristet perspektiv! Grundl\u00e4ggande kultur- och id\u00e9historisk \u00f6versikt fr\u00e5n Mellan\u00f6sterns tidiga h\u00f6gkulturer och den v\u00e4sterl\u00e4ndska kulturens olika epoker fram till dagens postmoderna kultur.<\/p>\n<p>[\/et_pb_slide][\/et_pb_slider][\/et_pb_column][\/et_pb_row][\/et_pb_section][et_pb_section fb_built=&#8221;1&#8243; _builder_version=&#8221;4.20.4&#8243; _module_preset=&#8221;default&#8221; background_color=&#8221;#004b64&#8243; min_height=&#8221;44px&#8221; custom_margin=&#8221;||0px||false|false&#8221; custom_padding=&#8221;0px||2px||false|false&#8221; da_disable_devices=&#8221;off|off|off&#8221; global_colors_info=&#8221;{}&#8221; da_is_popup=&#8221;off&#8221; da_exit_intent=&#8221;off&#8221; da_has_close=&#8221;on&#8221; da_alt_close=&#8221;off&#8221; da_dark_close=&#8221;off&#8221; da_not_modal=&#8221;on&#8221; da_is_singular=&#8221;off&#8221; da_with_loader=&#8221;off&#8221; da_has_shadow=&#8221;on&#8221;][\/et_pb_section]<\/p>\n","protected":false},"excerpt":{"rendered":"<p>Studieresa till Israel: &#8220;L\u00e4r k\u00e4nna Jesu land &#8211; ett m\u00f6te med det historiska och moderna Israel&#8221; Reseledare: G\u00f6ran Lennartsson Studieresa till Israel 26 feb \u2013 8 mars Under v\u00e5rterminen 2026 [&hellip;]<\/p>\n","protected":false},"author":2,"featured_media":0,"parent":0,"menu_order":0,"comment_status":"closed","ping_status":"closed","template":"","meta":{"_acf_changed":false,"_et_pb_use_builder":"on","_et_pb_old_content":"","_et_gb_content_width":"","footnotes":""},"class_list":["post-12360","page","type-page","status-publish","hentry"],"acf":[],"_links":{"self":[{"href":"https:\/\/www.teol.se\/en\/wp-json\/wp\/v2\/pages\/12360","targetHints":{"allow":["GET"]}}],"collection":[{"href":"https:\/\/www.teol.se\/en\/wp-json\/wp\/v2\/pages"}],"about":[{"href":"https:\/\/www.teol.se\/en\/wp-json\/wp\/v2\/types\/page"}],"author":[{"embeddable":true,"href":"https:\/\/www.teol.se\/en\/wp-json\/wp\/v2\/users\/2"}],"replies":[{"embeddable":true,"href":"https:\/\/www.teol.se\/en\/wp-json\/wp\/v2\/comments?post=12360"}],"version-history":[{"count":16,"href":"https:\/\/www.teol.se\/en\/wp-json\/wp\/v2\/pages\/12360\/revisions"}],"predecessor-version":[{"id":12395,"href":"https:\/\/www.teol.se\/en\/wp-json\/wp\/v2\/pages\/12360\/revisions\/12395"}],"wp:attachment":[{"href":"https:\/\/www.teol.se\/en\/wp-json\/wp\/v2\/media?parent=12360"}],"curies":[{"name":"wp","href":"https:\/\/api.w.org\/{rel}","templated":true}]}}