{"id":10336,"date":"2025-01-22T16:12:10","date_gmt":"2025-01-22T15:12:10","guid":{"rendered":"https:\/\/www.teol.se\/?page_id=10336"},"modified":"2025-01-22T16:19:31","modified_gmt":"2025-01-22T15:19:31","slug":"leif-nordenstorm-short-cv","status":"publish","type":"page","link":"https:\/\/www.teol.se\/en\/about-sst\/administration-and-faculty\/leif-nordenstorm-short-cv\/","title":{"rendered":"Leif Nordenstorm short cv"},"content":{"rendered":"<p>[et_pb_section fb_built=&#8221;1&#8243; _builder_version=&#8221;4.20.4&#8243; _module_preset=&#8221;default&#8221; background_color=&#8221;#f4edea&#8221; custom_padding=&#8221;0px||0px||true|false&#8221; locked=&#8221;off&#8221; global_colors_info=&#8221;{}&#8221;][et_pb_row column_structure=&#8221;1_2,1_2&#8243; use_custom_gutter=&#8221;on&#8221; gutter_width=&#8221;2&#8243; make_equal=&#8221;on&#8221; custom_padding_last_edited=&#8221;on|phone&#8221; _builder_version=&#8221;4.21.0&#8243; _module_preset=&#8221;default&#8221; width=&#8221;100%&#8221; max_width=&#8221;100%&#8221; custom_margin=&#8221;||||false|false&#8221; custom_padding=&#8221;0px||0px||false|false&#8221; custom_padding_tablet=&#8221;0px||0px||false|false&#8221; custom_padding_phone=&#8221;0px||30px||false|false&#8221; global_colors_info=&#8221;{}&#8221;][et_pb_column type=&#8221;1_2&#8243; _builder_version=&#8221;4.20.4&#8243; _module_preset=&#8221;default&#8221; global_colors_info=&#8221;{}&#8221;][et_pb_image src=&#8221;https:\/\/www.teol.se\/wp-content\/uploads\/2023\/07\/leif-nordenstrom-pb.jpg&#8221; title_text=&#8221;leif-nordenstrom-pb&#8221; show_bottom_space=&#8221;off&#8221; align_tablet=&#8221;center&#8221; align_phone=&#8221;center&#8221; align_last_edited=&#8221;on|phone&#8221; _builder_version=&#8221;4.21.0&#8243; _module_preset=&#8221;default&#8221; min_height=&#8221;65vh&#8221; min_height_tablet=&#8221;65vh&#8221; min_height_phone=&#8221;65vh&#8221; min_height_last_edited=&#8221;on|desktop&#8221; global_colors_info=&#8221;{}&#8221;][\/et_pb_image][\/et_pb_column][et_pb_column type=&#8221;1_2&#8243; _builder_version=&#8221;4.21.0&#8243; _module_preset=&#8221;default&#8221; custom_padding=&#8221;200px||120px||false|false&#8221; custom_padding_tablet=&#8221;20px|80px|40px|80px|false|true&#8221; custom_padding_phone=&#8221;|40px|20px|40px|false|true&#8221; custom_padding_last_edited=&#8221;on|desktop&#8221; global_colors_info=&#8221;{}&#8221;][et_pb_text _builder_version=&#8221;4.21.0&#8243; _module_preset=&#8221;default&#8221; header_text_color=&#8221;#004b64&#8243; header_3_font=&#8221;Inter|700|||||||&#8221; header_3_font_size=&#8221;27px&#8221; global_colors_info=&#8221;{}&#8221;]<\/p>\n<h1>Doctor of Theology Leif Nordenstorm<\/h1>\n<p>[\/et_pb_text][et_pb_text _builder_version=&#8221;4.27.4&#8243; _module_preset=&#8221;default&#8221; text_font=&#8221;|700|||||||&#8221; global_colors_info=&#8221;{}&#8221;]<\/p>\n<h3><strong>\u00bbOne Of My Passions Is To Rediscover The Jewish Roots Of Christianity\u00ab<\/strong><\/h3>\n<p>[\/et_pb_text][\/et_pb_column][\/et_pb_row][\/et_pb_section][et_pb_section fb_built=&#8221;1&#8243; _builder_version=&#8221;4.21.0&#8243; _module_preset=&#8221;default&#8221; locked=&#8221;off&#8221; global_colors_info=&#8221;{}&#8221;][et_pb_row custom_padding_last_edited=&#8221;on|phone&#8221; _builder_version=&#8221;4.21.0&#8243; _module_preset=&#8221;default&#8221; custom_margin=&#8221;||||false|false&#8221; custom_padding=&#8221;0px|150px|0px|150px|false|true&#8221; custom_padding_tablet=&#8221;|0px||0px|false|true&#8221; custom_padding_phone=&#8221;|0px||0px|false|true&#8221; global_colors_info=&#8221;{}&#8221;][et_pb_column type=&#8221;4_4&#8243; _builder_version=&#8221;4.20.4&#8243; _module_preset=&#8221;default&#8221; global_colors_info=&#8221;{}&#8221;][et_pb_text _builder_version=&#8221;4.27.4&#8243; _module_preset=&#8221;default&#8221; header_3_font=&#8221;Inter|700|||||||&#8221; header_3_font_size=&#8221;16px&#8221; header_4_font=&#8221;Inter|700|||||||&#8221; hover_enabled=&#8221;0&#8243; global_colors_info=&#8221;{}&#8221; sticky_enabled=&#8221;0&#8243;]<\/p>\n<p>Leif Nordenstorm is the director of the Fjellstedt School Foundation, a training centre and theological training institute within the Church of Sweden. As director, he organizes courses in subjects primarily related to priests&#8217; daily work with theology and the Bible, worship and preaching, pastoral care, intercession and diaconia, mission, the environment, and church law.<\/p>\n<p>At the same time, Leif teaches History of Religions at Johannelund School of Theology and at the Scandinavian School of Theology. History of Religions is the study of non-Christian religions such as Judaism, Islam, Hinduism, Buddhism, African religions, and new religions. Currently, Leif is researching sermons and church law, in other words the church&#8217;s regulations.<\/p>\n<p>[\/et_pb_text][et_pb_text _builder_version=&#8221;4.27.4&#8243; _module_preset=&#8221;default&#8221; header_3_font=&#8221;Inter|700|||||||&#8221; header_3_font_size=&#8221;16px&#8221; header_4_font=&#8221;Inter|700|||||||&#8221; locked=&#8221;off&#8221; global_colors_info=&#8221;{}&#8221;]<\/p>\n<h4><strong>Doctor of Theology Leif Nordenstorm<\/strong><\/h4>\n<p><strong>Part-time Teacher in:<\/strong> Religious History<\/p>\n<h4><strong>Degrees and Qualifications:<\/strong><\/h4>\n<ul>\n<li>Doctor of Ministry, Lutheran School of Theology at Chicago<\/li>\n<li>Doctor of Theology in Religious History, Uppsala University<\/li>\n<li>Licentiate of Theology in Religious History, Uppsala University<\/li>\n<li>Bachelor of Theology, Uppsala University<\/li>\n<li>Bachelor of Arts, specializing in Russian and Eastern European Studies, Uppsala University<\/li>\n<\/ul>\n<h4><strong>Publications:<\/strong><\/h4>\n<ul>\n<li><em>D\u00f6dandet vid begravningar. Ett inslag i j\u00e4rn\u00e5lderns gravritualer i komparativ religionshistorisk belysning.<\/em> In <em>Fornv\u00e4nnen<\/em>, 89, 1994.<\/li>\n<li><em>\u00d4motos mission p\u00e5 esperanto: en japansk ny religion i f\u00f6r\u00e4ndring fr\u00e5n kiliastisk Maitreyaf\u00f6rv\u00e4ntan till religionsdialog.<\/em> Esperantof\u00f6rlaget, 2002.<\/li>\n<li><em>Mindfulness: kristna reaktioner och tolkningar.<\/em> In <em>Ing\u00e5ng<\/em>, Vol. 18, 2\/12, 2012.<\/li>\n<li><em>Transpiranto: antisemitism, xenophobia, or just a joke.<\/em> <em>Esperantologio Esperanto Studies EES<\/em>, Issue 6, 2013.<\/li>\n<li><em>Views on Esperanto in the Bahai faith: A revised subchapter in Bhaullah and the new era.<\/em> <em>Esperantologio Esperanto Studies EES<\/em>, Issue 7, 2015.<\/li>\n<li><em>Mjuk lag i Svenska kyrkan: Codex ethicus och andra dokument.<\/em> In <em>Med god ordning och efter Guds vilja. En antologi om kyrkor\u00e4tt<\/em>. Skellefte\u00e5: Artos, 2019.<\/li>\n<\/ul>\n<h4><strong>Children&#8217;s Books with Christian Themes:<\/strong><\/h4>\n<ul>\n<li><em>Arne la \u0109efido<\/em> (Arne the Chief&#8217;s Son), a children&#8217;s book published in Esperanto, Malagasy, and Czech, 2005.<\/li>\n<li><em>Nybyggarna i Norra botten<\/em> (The Pioneers of Northern Finland), 2006.<\/li>\n<li><em>S\u00e4lj\u00e4gare och kyrkobyggare<\/em> (Seal Hunters and Church Builders): <em>Bodens kyrkohistoria i ber\u00e4ttelser<\/em> (Boden Church History in Stories), 2008.<\/li>\n<\/ul>\n<p><strong>Contact:<\/strong><br \/><a href=\"mailto:leif.nordenstorm@teol.se\">leif.nordenstorm@teol.se<\/a><\/p>\n<p>[\/et_pb_text][\/et_pb_column][\/et_pb_row][\/et_pb_section]<\/p>\n","protected":false},"excerpt":{"rendered":"<p>Doctor of Theology Leif Nordenstorm\u00bbOne Of My Passions Is To Rediscover The Jewish Roots Of Christianity\u00abLeif Nordenstorm is the director of the Fjellstedt School Foundation, a training centre and theological [&hellip;]<\/p>\n","protected":false},"author":2,"featured_media":0,"parent":9846,"menu_order":0,"comment_status":"closed","ping_status":"closed","template":"","meta":{"_acf_changed":false,"_et_pb_use_builder":"on","_et_pb_old_content":"","_et_gb_content_width":"","footnotes":""},"class_list":["post-10336","page","type-page","status-publish","hentry"],"acf":[],"_links":{"self":[{"href":"https:\/\/www.teol.se\/en\/wp-json\/wp\/v2\/pages\/10336","targetHints":{"allow":["GET"]}}],"collection":[{"href":"https:\/\/www.teol.se\/en\/wp-json\/wp\/v2\/pages"}],"about":[{"href":"https:\/\/www.teol.se\/en\/wp-json\/wp\/v2\/types\/page"}],"author":[{"embeddable":true,"href":"https:\/\/www.teol.se\/en\/wp-json\/wp\/v2\/users\/2"}],"replies":[{"embeddable":true,"href":"https:\/\/www.teol.se\/en\/wp-json\/wp\/v2\/comments?post=10336"}],"version-history":[{"count":3,"href":"https:\/\/www.teol.se\/en\/wp-json\/wp\/v2\/pages\/10336\/revisions"}],"predecessor-version":[{"id":10341,"href":"https:\/\/www.teol.se\/en\/wp-json\/wp\/v2\/pages\/10336\/revisions\/10341"}],"up":[{"embeddable":true,"href":"https:\/\/www.teol.se\/en\/wp-json\/wp\/v2\/pages\/9846"}],"wp:attachment":[{"href":"https:\/\/www.teol.se\/en\/wp-json\/wp\/v2\/media?parent=10336"}],"curies":[{"name":"wp","href":"https:\/\/api.w.org\/{rel}","templated":true}]}}