{"id":10329,"date":"2025-01-22T16:06:17","date_gmt":"2025-01-22T15:06:17","guid":{"rendered":"https:\/\/www.teol.se\/?page_id=10329"},"modified":"2025-01-22T16:09:16","modified_gmt":"2025-01-22T15:09:16","slug":"karl-henrik-wallerstein-short-cv","status":"publish","type":"page","link":"https:\/\/www.teol.se\/en\/about-sst\/administration-and-faculty\/karl-henrik-wallerstein-short-cv\/","title":{"rendered":"Karl-Henrik Wallerstein short cv"},"content":{"rendered":"<p>[et_pb_section fb_built=&#8221;1&#8243; _builder_version=&#8221;4.20.4&#8243; _module_preset=&#8221;default&#8221; background_color=&#8221;#f4edea&#8221; custom_padding=&#8221;0px||0px||true|false&#8221; locked=&#8221;off&#8221; global_colors_info=&#8221;{}&#8221;][et_pb_row column_structure=&#8221;1_2,1_2&#8243; use_custom_gutter=&#8221;on&#8221; gutter_width=&#8221;2&#8243; make_equal=&#8221;on&#8221; custom_padding_last_edited=&#8221;on|phone&#8221; _builder_version=&#8221;4.22.1&#8243; _module_preset=&#8221;default&#8221; width=&#8221;100%&#8221; max_width=&#8221;100%&#8221; custom_margin=&#8221;||||false|false&#8221; custom_padding=&#8221;0px||0px||false|false&#8221; custom_padding_tablet=&#8221;0px||0px||false|false&#8221; custom_padding_phone=&#8221;0px||30px||false|false&#8221; global_colors_info=&#8221;{}&#8221;][et_pb_column type=&#8221;1_2&#8243; _builder_version=&#8221;4.20.4&#8243; _module_preset=&#8221;default&#8221; global_colors_info=&#8221;{}&#8221;][et_pb_image src=&#8221;https:\/\/www.teol.se\/wp-content\/uploads\/2025\/01\/JAx241210x0175-1-scaled.jpg&#8221; title_text=&#8221;JAx241210x0175 (1)&#8221; show_bottom_space=&#8221;off&#8221; align_tablet=&#8221;center&#8221; align_phone=&#8221;center&#8221; align_last_edited=&#8221;on|phone&#8221; _builder_version=&#8221;4.27.4&#8243; _module_preset=&#8221;default&#8221; min_height=&#8221;65vh&#8221; min_height_tablet=&#8221;65vh&#8221; min_height_phone=&#8221;65vh&#8221; min_height_last_edited=&#8221;on|desktop&#8221; hover_enabled=&#8221;0&#8243; global_colors_info=&#8221;{}&#8221; sticky_enabled=&#8221;0&#8243;][\/et_pb_image][\/et_pb_column][et_pb_column type=&#8221;1_2&#8243; _builder_version=&#8221;4.22.1&#8243; _module_preset=&#8221;default&#8221; custom_padding=&#8221;200px||120px||false|false&#8221; custom_padding_tablet=&#8221;20px|80px|40px|80px|false|true&#8221; custom_padding_phone=&#8221;|40px|20px|40px|false|true&#8221; custom_padding_last_edited=&#8221;on|phone&#8221; global_colors_info=&#8221;{}&#8221;][et_pb_text _builder_version=&#8221;4.27.3&#8243; _module_preset=&#8221;default&#8221; header_text_color=&#8221;#004b64&#8243; header_3_font=&#8221;Inter|700|||||||&#8221; header_3_font_size=&#8221;27px&#8221; global_colors_info=&#8221;{}&#8221;]<\/p>\n<h1>Doctor of Theology Karl-Henrik Wallerstein<\/h1>\n<p>[\/et_pb_text][et_pb_text _builder_version=&#8221;4.27.4&#8243; _module_preset=&#8221;default&#8221; text_font=&#8221;|700|||||||&#8221; hover_enabled=&#8221;0&#8243; global_colors_info=&#8221;{}&#8221; sticky_enabled=&#8221;0&#8243;]<\/p>\n<h3><strong>\u00bbBe Faithful In The Small Things, Think Big In The Small Things<\/strong><strong>\u00ab<\/strong><\/h3>\n<p>[\/et_pb_text][\/et_pb_column][\/et_pb_row][\/et_pb_section][et_pb_section fb_built=&#8221;1&#8243; _builder_version=&#8221;4.21.0&#8243; _module_preset=&#8221;default&#8221; locked=&#8221;off&#8221; global_colors_info=&#8221;{}&#8221;][et_pb_row custom_padding_last_edited=&#8221;on|phone&#8221; _builder_version=&#8221;4.21.0&#8243; _module_preset=&#8221;default&#8221; custom_margin=&#8221;||||false|false&#8221; custom_padding=&#8221;0px|150px|0px|150px|false|true&#8221; custom_padding_tablet=&#8221;|0px||0px|false|true&#8221; custom_padding_phone=&#8221;|0px||0px|false|true&#8221; global_colors_info=&#8221;{}&#8221;][et_pb_column type=&#8221;4_4&#8243; _builder_version=&#8221;4.20.4&#8243; _module_preset=&#8221;default&#8221; global_colors_info=&#8221;{}&#8221;][et_pb_text _builder_version=&#8221;4.27.4&#8243; _module_preset=&#8221;default&#8221; header_3_font=&#8221;Inter|700|||||||&#8221; header_3_font_size=&#8221;16px&#8221; header_4_font=&#8221;Inter|700|||||||&#8221; hover_enabled=&#8221;0&#8243; global_colors_info=&#8221;{}&#8221; sticky_enabled=&#8221;0&#8243;]<\/p>\n<p>Karl-Henrik Wallerstein is involved in two research projects: one involving a study trip to Jordan and Saudi Arabia to carry out an archaeological investigation of the site of the crossing over the Red Sea and Mount Sinai and the other concerning theological studies on the subject of &#8220;Isaiah-Exegesis in Origen&#8217;s homilies on the Book of Jeremiah.&#8221; The project is carried out in collaboration with Professor Antti Laato.<\/p>\n<h4><strong>Doctor of Theology Karl-Henrik Wallerstein<\/strong><\/h4>\n<p><strong>Part-time Teacher in:<\/strong> Old Testament Exegesis<\/p>\n<h4><strong>Degrees and Qualifications:<\/strong><\/h4>\n<ul>\n<li>Doctor of Theology, \u00c5bo Akademi, Finland<\/li>\n<li>Bachelor of Theology, Lund University<\/li>\n<li>Ordained priest in the Diocese of V\u00e4xj\u00f6, Church of Sweden<\/li>\n<\/ul>\n<h4><strong>Publications:<\/strong><\/h4>\n<ul>\n<li><em>En andra Naivitet inf\u00f6r Skrifterna<\/em> (A Second Naivety Toward the Scriptures). <em>Keryx<\/em> no. 4: 2010.<\/li>\n<li><em>En kritisk unders\u00f6kning av bibelkritiken mot Gamla testamentet<\/em> (A Critical Examination of Biblical Criticism Against the Old Testament). <em>Keryx<\/em>, 2013.<\/li>\n<li><em>Till F\u00f6rsamlingens liv<\/em> (To the Life of the Congregation). Texts on the life of the congregation. Edited by Marcus Hagberg. <em>Gamla Testamentets pr\u00e4ster<\/em> (Priests of the Old Testament), 31\u201346. Artos.<\/li>\n<li><em>Problemet med offentlig avl\u00f6sning av synderna<\/em> (The Problem of Public Absolution of Sins). <em>SPT<\/em>, 14\/15: 2022.<\/li>\n<li><em>En salig blandning: Texter fr\u00e5n tv\u00e5 konferenser<\/em> (A Blessed Mix: Texts from Two Conferences). Edited by Bj\u00f6rn Fyrlund and Marcus Hagberg. <em>Den allegoriska bibeltolkningens logik. Att l\u00e4sa Bibeln p\u00e5 ett andligt s\u00e4tt<\/em> (The Logic of Allegorical Bible Interpretation: Reading the Bible in a Spiritual Way), 56\u201382. Artos, 2023.<\/li>\n<\/ul>\n<p><strong>Contact:<\/strong><br \/><a href=\"mailto:karl-henrik.wallerstein@teol.se\">karl-henrik.wallerstein@teol.se<\/a><\/p>\n<p>[\/et_pb_text][et_pb_text _builder_version=&#8221;4.27.3&#8243; _module_preset=&#8221;default&#8221; header_3_font=&#8221;Inter|700|||||||&#8221; header_3_font_size=&#8221;16px&#8221; header_4_font=&#8221;Inter|700|||||||&#8221; locked=&#8221;off&#8221; global_colors_info=&#8221;{}&#8221;][\/et_pb_text][\/et_pb_column][\/et_pb_row][\/et_pb_section]<\/p>\n","protected":false},"excerpt":{"rendered":"<p>Doctor of Theology Karl-Henrik Wallerstein\u00bbBe Faithful In The Small Things, Think Big In The Small Things\u00abKarl-Henrik Wallerstein is involved in two research projects: one involving a study trip to Jordan [&hellip;]<\/p>\n","protected":false},"author":2,"featured_media":0,"parent":9846,"menu_order":0,"comment_status":"closed","ping_status":"closed","template":"","meta":{"_acf_changed":false,"_et_pb_use_builder":"on","_et_pb_old_content":"","_et_gb_content_width":"","footnotes":""},"class_list":["post-10329","page","type-page","status-publish","hentry"],"acf":[],"_links":{"self":[{"href":"https:\/\/www.teol.se\/en\/wp-json\/wp\/v2\/pages\/10329","targetHints":{"allow":["GET"]}}],"collection":[{"href":"https:\/\/www.teol.se\/en\/wp-json\/wp\/v2\/pages"}],"about":[{"href":"https:\/\/www.teol.se\/en\/wp-json\/wp\/v2\/types\/page"}],"author":[{"embeddable":true,"href":"https:\/\/www.teol.se\/en\/wp-json\/wp\/v2\/users\/2"}],"replies":[{"embeddable":true,"href":"https:\/\/www.teol.se\/en\/wp-json\/wp\/v2\/comments?post=10329"}],"version-history":[{"count":3,"href":"https:\/\/www.teol.se\/en\/wp-json\/wp\/v2\/pages\/10329\/revisions"}],"predecessor-version":[{"id":10335,"href":"https:\/\/www.teol.se\/en\/wp-json\/wp\/v2\/pages\/10329\/revisions\/10335"}],"up":[{"embeddable":true,"href":"https:\/\/www.teol.se\/en\/wp-json\/wp\/v2\/pages\/9846"}],"wp:attachment":[{"href":"https:\/\/www.teol.se\/en\/wp-json\/wp\/v2\/media?parent=10329"}],"curies":[{"name":"wp","href":"https:\/\/api.w.org\/{rel}","templated":true}]}}