{"id":10290,"date":"2025-01-22T15:23:36","date_gmt":"2025-01-22T14:23:36","guid":{"rendered":"https:\/\/www.teol.se\/?page_id=10290"},"modified":"2025-01-22T15:26:59","modified_gmt":"2025-01-22T14:26:59","slug":"torbjorn-aronson-short-cv","status":"publish","type":"page","link":"https:\/\/www.teol.se\/en\/about-sst\/administration-and-faculty\/torbjorn-aronson-short-cv\/","title":{"rendered":"Torbj\u00f6rn Aronson short cv"},"content":{"rendered":"<p>[et_pb_section fb_built=&#8221;1&#8243; _builder_version=&#8221;4.27.4&#8243; _module_preset=&#8221;default&#8221; background_color=&#8221;#f4edea&#8221; custom_padding=&#8221;0px||0px||true|false&#8221; locked=&#8221;off&#8221; global_colors_info=&#8221;{}&#8221;][et_pb_row column_structure=&#8221;1_2,1_2&#8243; use_custom_gutter=&#8221;on&#8221; gutter_width=&#8221;2&#8243; make_equal=&#8221;on&#8221; custom_padding_last_edited=&#8221;on|phone&#8221; _builder_version=&#8221;4.21.0&#8243; _module_preset=&#8221;default&#8221; width=&#8221;100%&#8221; max_width=&#8221;100%&#8221; custom_margin=&#8221;||||false|false&#8221; custom_padding=&#8221;0px||0px||false|false&#8221; custom_padding_tablet=&#8221;0px||0px||false|false&#8221; custom_padding_phone=&#8221;0px||30px||false|false&#8221; global_colors_info=&#8221;{}&#8221;][et_pb_column type=&#8221;1_2&#8243; _builder_version=&#8221;4.20.4&#8243; _module_preset=&#8221;default&#8221; global_colors_info=&#8221;{}&#8221;][et_pb_image src=&#8221;https:\/\/www.teol.se\/wp-content\/uploads\/2025\/01\/JAx241210x0026-1-1-scaled.jpg&#8221; title_text=&#8221;JAx241210x0026 (1)&#8221; show_bottom_space=&#8221;off&#8221; force_fullwidth=&#8221;on&#8221; _builder_version=&#8221;4.27.4&#8243; _module_preset=&#8221;default&#8221; background_enable_image=&#8221;off&#8221; global_colors_info=&#8221;{}&#8221;][\/et_pb_image][\/et_pb_column][et_pb_column type=&#8221;1_2&#8243; _builder_version=&#8221;4.21.0&#8243; _module_preset=&#8221;default&#8221; custom_padding=&#8221;200px||120px||false|false&#8221; custom_padding_tablet=&#8221;20px|80px|40px|80px|false|true&#8221; custom_padding_phone=&#8221;|40px|20px|40px|false|true&#8221; custom_padding_last_edited=&#8221;on|desktop&#8221; global_colors_info=&#8221;{}&#8221;][et_pb_text _builder_version=&#8221;4.27.4&#8243; _module_preset=&#8221;default&#8221; header_text_color=&#8221;#004b64&#8243; header_3_font=&#8221;Inter|700|||||||&#8221; header_3_font_size=&#8221;27px&#8221; global_colors_info=&#8221;{}&#8221;]<\/p>\n<h1>President Professor Torbj\u00f6rn Aronson<\/h1>\n<p>[\/et_pb_text][et_pb_text _builder_version=&#8221;4.27.4&#8243; _module_preset=&#8221;default&#8221; text_font=&#8221;|700|||||||&#8221; global_colors_info=&#8221;{}&#8221;]<\/p>\n<h3><strong>\u00bbMy Great Interest Is The Relationship Between Christian Faith, Culture, And Society In History And The Present\u00ab<\/strong><\/h3>\n<p>[\/et_pb_text][\/et_pb_column][\/et_pb_row][\/et_pb_section][et_pb_section fb_built=&#8221;1&#8243; _builder_version=&#8221;4.21.0&#8243; _module_preset=&#8221;default&#8221; global_colors_info=&#8221;{}&#8221;][et_pb_row custom_padding_last_edited=&#8221;on|phone&#8221; _builder_version=&#8221;4.21.0&#8243; _module_preset=&#8221;default&#8221; custom_margin=&#8221;||||false|false&#8221; custom_padding=&#8221;0px|150px|0px|150px|false|true&#8221; custom_padding_tablet=&#8221;|0px||0px|false|true&#8221; custom_padding_phone=&#8221;|0px||0px|false|true&#8221; global_colors_info=&#8221;{}&#8221;][et_pb_column type=&#8221;4_4&#8243; _builder_version=&#8221;4.20.4&#8243; _module_preset=&#8221;default&#8221; global_colors_info=&#8221;{}&#8221;][et_pb_text _builder_version=&#8221;4.27.4&#8243; _module_preset=&#8221;default&#8221; header_3_font=&#8221;Inter|700|||||||&#8221; header_3_font_size=&#8221;16px&#8221; header_4_font=&#8221;Inter|700|||||||&#8221; hover_enabled=&#8221;0&#8243; global_colors_info=&#8221;{}&#8221; sticky_enabled=&#8221;0&#8243;]<\/p>\n<p>Torbj\u00f6rn Aronson, President of SST, teaches a number of courses at SST in Church History, Practical Theology and Humanities. He is also a part-time pastor in Malm\u00f6 International Church, where he preaches and teaches regularly. His great interest is the relationship between Christian faith \u2013 culture and society in the past and present.<\/p>\n<p>[\/et_pb_text][et_pb_text _builder_version=&#8221;4.27.0&#8243; _module_preset=&#8221;default&#8221; header_3_font=&#8221;Inter|700|||||||&#8221; header_3_font_size=&#8221;16px&#8221; header_4_font=&#8221;Inter|700|||||||&#8221; locked=&#8221;off&#8221; global_colors_info=&#8221;{}&#8221;]<\/p>\n<p><strong>Professor Torbj\u00f6rn Aronson<\/strong><br \/><strong>Teacher in:<\/strong> Church History, Practical Theology, History of Ideas<\/p>\n<p><strong>Degrees and Qualifications:<\/strong><\/p>\n<ul>\n<li>Professor in Church History with a focus on Christianity and Politics, Scandinavian Theological Seminary<\/li>\n<li>Professor-at-Large in Church History, Southeastern University, Lakeland, FL<\/li>\n<li>Docent in Church History, Uppsala University<\/li>\n<li>Doctor of Theology in Church History, Uppsala University<\/li>\n<li>Doctor of Philosophy in Political Science, Lund University<\/li>\n<li>Licentiate of Philosophy in Political Science, Lund University<\/li>\n<li>Bachelor of Philosophy in Political Science, Lund University<\/li>\n<li>Bachelor of Theology, Uppsala University<\/li>\n<\/ul>\n<p><strong>Scientific Publications:<\/strong><\/p>\n<ul>\n<li><em>Den unge Manfred Bj\u00f6rkquist: Hur en vision av kristendomens m\u00f6te med kultur och samh\u00e4lle v\u00e4xer fram<\/em> (The Young Manfred Bj\u00f6rkquist: How a Vision of Christianity&#8217;s Encounter with Culture and Society Develops). Acta Universitatis Upsaliensis. Studia Historica-Ecclesiastica Upsaliensia 44. Uppsala, 2008, 342 pages (Doctoral dissertation in Church History).<\/li>\n<li><em>H\u00f6gkyrklighet och kyrkopolitik: Kretsen kring Svensk Luthersk Kyrkotidning fram till ca 1895<\/em> (High Churchmanship and Church Politics: The Circle Around the Swedish Lutheran Church Newspaper Up Until About 1895). Artos, Skellefte\u00e5, 2014, 328 pages.<\/li>\n<li><em>V\u00e4ckelser\u00f6relser i Sverige 1700\u02d72000<\/em> (Revival Movements in Sweden 1700-2000). Areapagos, Uppsala, 2014, 60 pages.<\/li>\n<li><em>Ett nytt karismatiskt landskap i Sverige: Trosr\u00f6relsen, oberoende f\u00f6rsamlingar, anglosaxiska f\u00f6rsamlingsplanteringar, migrantf\u00f6rsamlingar och m\u00e5nga andra \u2013 en f\u00f6rsamlings\u00f6versikt<\/em> (A New Charismatic Landscape in Sweden: The Faith Movement, Independent Churches, Anglo-Saxon Church Plantings, Migrant Congregations, and Many Others \u2013 A Church Overview). Areopagos, Uppsala, 2016, 80 pages.<\/li>\n<li><em>Kristen skola i Sverige under tusen \u00e5r<\/em> (Christian School in Sweden Over a Thousand Years). Areopagos, Uppsala, 2016, 176 pages.<\/li>\n<li><em>Maranata! V\u00e4ckelse och samh\u00e4llsf\u00f6r\u00e4ndring 1960tal-1990tal<\/em> (Maranata! Revival and Social Change 1960s-1990s). Acta Johannelundensia 4, EFS F\u00f6rlaget\/Budb\u00e4raren, Uppsala, 2021, 440 pages.<\/li>\n<li><em>Konservatism och demokrati: En rekonstruktion av fem svenska h\u00f6gerledares styrelsedoktriner<\/em> (Conservatism and Democracy: A Reconstruction of Five Swedish Right-Wing Leaders&#8217; Political Doctrines). Lund Political Studies 64, Norstedts Juridik, Stockholm, 1990, 300 pages (Doctoral dissertation in Political Science).<\/li>\n<li><em>G\u00f6sta Bagges politiska t\u00e4nkande: En studie i 1900-talets svenska konservatism<\/em> (G\u00f6sta Bagge\u2019s Political Thinking: A Study in 20th Century Swedish Conservatism). Norstedts Juridik, Stockholm, 1993, 191 pages.<\/li>\n<li><em>F\u00f6r kung och fosterland: Svensk Tidskrifts nationalistiska opinionsbildning 1911\u20131914<\/em> (For King and Country: Swedish Magazine\u2019s Nationalist Opinion Formation 1911-1914). Uppsala, 2001, 160 pages.<\/li>\n<\/ul>\n<p><strong>Contact:<\/strong><br \/><a href=\"mailto:torbjorn.aronson@teol.se\">torbjorn.aronson@teol.se<\/a><\/p>\n<p>[\/et_pb_text][\/et_pb_column][\/et_pb_row][et_pb_row disabled_on=&#8221;on|on|on&#8221; module_class=&#8221;rad-undermenyer-knappar&#8221; _builder_version=&#8221;4.21.0&#8243; _module_preset=&#8221;default&#8221; width=&#8221;90%&#8221; max_width=&#8221;2000px&#8221; module_alignment=&#8221;center&#8221; custom_padding=&#8221;20px||0px||false|false&#8221; disabled=&#8221;on&#8221; global_colors_info=&#8221;{}&#8221;][et_pb_column type=&#8221;4_4&#8243; _builder_version=&#8221;4.21.0&#8243; _module_preset=&#8221;default&#8221; global_colors_info=&#8221;{}&#8221;][et_pb_button button_url=&#8221;https:\/\/www.teol.se\/om-sth\/larare-och-personal\/examina-och-publikationer-torbjorn-aronson\/&#8221; button_text=&#8221;Examina och publikationer&#8221; button_alignment=&#8221;center&#8221; module_class=&#8221;knapp-stil-1&#8243; _builder_version=&#8221;4.21.0&#8243; _module_preset=&#8221;default&#8221; custom_button=&#8221;on&#8221; button_border_color=&#8221;#004b64&#8243; button_icon=&#8221;&#x24;||divi||400&#8243; button_on_hover=&#8221;off&#8221; custom_margin=&#8221;||20px||false|false&#8221; global_colors_info=&#8221;{}&#8221;][\/et_pb_button][\/et_pb_column][\/et_pb_row][\/et_pb_section]<\/p>\n","protected":false},"excerpt":{"rendered":"<p>President Professor Torbj\u00f6rn Aronson\u00bbMy Great Interest Is The Relationship Between Christian Faith, Culture, And Society In History And The Present\u00abTorbj\u00f6rn Aronson, President of SST, teaches a number of courses at [&hellip;]<\/p>\n","protected":false},"author":2,"featured_media":0,"parent":9846,"menu_order":0,"comment_status":"closed","ping_status":"closed","template":"","meta":{"_acf_changed":false,"_et_pb_use_builder":"on","_et_pb_old_content":"","_et_gb_content_width":"","footnotes":""},"class_list":["post-10290","page","type-page","status-publish","hentry"],"acf":[],"_links":{"self":[{"href":"https:\/\/www.teol.se\/en\/wp-json\/wp\/v2\/pages\/10290","targetHints":{"allow":["GET"]}}],"collection":[{"href":"https:\/\/www.teol.se\/en\/wp-json\/wp\/v2\/pages"}],"about":[{"href":"https:\/\/www.teol.se\/en\/wp-json\/wp\/v2\/types\/page"}],"author":[{"embeddable":true,"href":"https:\/\/www.teol.se\/en\/wp-json\/wp\/v2\/users\/2"}],"replies":[{"embeddable":true,"href":"https:\/\/www.teol.se\/en\/wp-json\/wp\/v2\/comments?post=10290"}],"version-history":[{"count":3,"href":"https:\/\/www.teol.se\/en\/wp-json\/wp\/v2\/pages\/10290\/revisions"}],"predecessor-version":[{"id":10293,"href":"https:\/\/www.teol.se\/en\/wp-json\/wp\/v2\/pages\/10290\/revisions\/10293"}],"up":[{"embeddable":true,"href":"https:\/\/www.teol.se\/en\/wp-json\/wp\/v2\/pages\/9846"}],"wp:attachment":[{"href":"https:\/\/www.teol.se\/en\/wp-json\/wp\/v2\/media?parent=10290"}],"curies":[{"name":"wp","href":"https:\/\/api.w.org\/{rel}","templated":true}]}}